{"id":35342,"date":"2026-01-27T16:47:09","date_gmt":"2026-01-27T16:47:09","guid":{"rendered":"https:\/\/www.deporteseli.com\/?product=adidas-persistar-fit-unmirrored-swim-goggles"},"modified":"2026-01-27T16:47:10","modified_gmt":"2026-01-27T16:47:10","slug":"adidas-persistar-fit-unmirrored-swim-goggles","status":"publish","type":"product","link":"https:\/\/www.deporteseli.com\/?product=adidas-persistar-fit-unmirrored-swim-goggles","title":{"rendered":"ADIDAS PERSISTAR FIT UNMIRRORED SWIM GOGGLES"},"content":{"rendered":"<p>Dise\u00f1adas espec\u00edficamente para la nataci\u00f3n en el carril, estas gafas ofrecen un amplio campo de visi\u00f3n para mantener una visi\u00f3n completa. La pieza nasal y la doble correa garantizan un ajuste individual y c\u00f3modo.      Caracter\u00edsticas de las gafas de nataci\u00f3n Persistar Fit Unmirrored  Ajuste c\u00f3modo  Amplio campo de visi\u00f3n  Pieza nasal ajustable individualmente  Doble correa ajustable para un ajuste perfecto  Protecci\u00f3n UV  Revestimiento ANTIFOG  Para el entrenamiento f\u00edsico: comodidad y estilo para los nadadores recreativos                                                                                                                                                                                                                                                                                                                                                                                                                                                                                                                                                                                                                                                                                                                                                                                                                                                                                                                                                                                                                                        <\/p>\n","protected":false},"excerpt":{"rendered":"<p>ADIDAS PERSISTAR FIT UNMIRRORED SWIM GOGGLES<\/p>\n","protected":false},"featured_media":50082,"template":"","meta":[],"product_brand":[],"product_cat":[332],"product_tag":[18],"class_list":{"0":"post-35342","1":"product","2":"type-product","3":"status-publish","4":"has-post-thumbnail","6":"product_cat-deportes_piscina_gafas","7":"product_tag-adidas","8":"pa_color-unico","9":"pa_talla-jr","10":"thunk-woo-product-list","11":"opn-qv-enable","12":"open-woo-hover-","13":"open-single-product-tab-horizontal","14":"open-shadow-","15":"open-shadow-hover-","17":"first","18":"instock","19":"shipping-taxable","20":"purchasable","21":"product-type-variable"},"jetpack_sharing_enabled":true,"_links":{"self":[{"href":"https:\/\/www.deporteseli.com\/index.php?rest_route=\/wp\/v2\/product\/35342","targetHints":{"allow":["GET"]}}],"collection":[{"href":"https:\/\/www.deporteseli.com\/index.php?rest_route=\/wp\/v2\/product"}],"about":[{"href":"https:\/\/www.deporteseli.com\/index.php?rest_route=\/wp\/v2\/types\/product"}],"wp:featuredmedia":[{"embeddable":true,"href":"https:\/\/www.deporteseli.com\/index.php?rest_route=\/wp\/v2\/media\/50082"}],"wp:attachment":[{"href":"https:\/\/www.deporteseli.com\/index.php?rest_route=%2Fwp%2Fv2%2Fmedia&parent=35342"}],"wp:term":[{"taxonomy":"product_brand","embeddable":true,"href":"https:\/\/www.deporteseli.com\/index.php?rest_route=%2Fwp%2Fv2%2Fproduct_brand&post=35342"},{"taxonomy":"product_cat","embeddable":true,"href":"https:\/\/www.deporteseli.com\/index.php?rest_route=%2Fwp%2Fv2%2Fproduct_cat&post=35342"},{"taxonomy":"product_tag","embeddable":true,"href":"https:\/\/www.deporteseli.com\/index.php?rest_route=%2Fwp%2Fv2%2Fproduct_tag&post=35342"}],"curies":[{"name":"wp","href":"https:\/\/api.w.org\/{rel}","templated":true}]}}