{"id":35340,"date":"2026-01-27T16:47:07","date_gmt":"2026-01-27T16:47:07","guid":{"rendered":"https:\/\/www.deporteseli.com\/?product=adidas-essentials-slim-shirt-mujer"},"modified":"2026-01-27T16:47:08","modified_gmt":"2026-01-27T16:47:08","slug":"adidas-essentials-slim-shirt-mujer","status":"publish","type":"product","link":"https:\/\/www.deporteseli.com\/?product=adidas-essentials-slim-shirt-mujer","title":{"rendered":"ADIDAS ESSENTIALS SLIM SHIRT MUJER"},"content":{"rendered":"<p>adidas Essentials Slim Shirt Mujer  Camiseta adidas cl\u00e1sica para entrenar o para usar en tu tiempo libre. Esta camiseta de corte ajustado tiene un peque\u00f1o logo de adidas en el lado izquierdo del pecho y tiene las famosas rayas de adidas en el hombro y la manga. Un precioso b\u00e1sico de adidas.    Caracter\u00edsticas y beneficios  &#8211; Corte entallado  &#8211; Material: 100% algod\u00f3n    El modelo de la foto mide 1,75 y lleva la talla S.    Color: Negro C\u00f3digo  SKU: DP2362                                                                                                                                                                                                                                                                                                                                                                                                                                                                                                                                                                                                                                                                                                                                                                                                                                                                                                                                                                                                                                        <\/p>\n","protected":false},"excerpt":{"rendered":"<p>ADIDAS ESSENTIALS SLIM SHIRT MUJER<\/p>\n","protected":false},"featured_media":50079,"template":"","meta":[],"product_brand":[],"product_cat":[269],"product_tag":[18],"class_list":{"0":"post-35340","1":"product","2":"type-product","3":"status-publish","4":"has-post-thumbnail","6":"product_cat-mujer_textil_camisetas","7":"product_tag-adidas","8":"pa_color-unico","9":"pa_talla-m","10":"thunk-woo-product-list","11":"opn-qv-enable","12":"open-woo-hover-","13":"open-single-product-tab-horizontal","14":"open-shadow-","15":"open-shadow-hover-","17":"first","18":"instock","19":"shipping-taxable","20":"purchasable","21":"product-type-variable"},"jetpack_sharing_enabled":true,"_links":{"self":[{"href":"https:\/\/www.deporteseli.com\/index.php?rest_route=\/wp\/v2\/product\/35340","targetHints":{"allow":["GET"]}}],"collection":[{"href":"https:\/\/www.deporteseli.com\/index.php?rest_route=\/wp\/v2\/product"}],"about":[{"href":"https:\/\/www.deporteseli.com\/index.php?rest_route=\/wp\/v2\/types\/product"}],"wp:featuredmedia":[{"embeddable":true,"href":"https:\/\/www.deporteseli.com\/index.php?rest_route=\/wp\/v2\/media\/50079"}],"wp:attachment":[{"href":"https:\/\/www.deporteseli.com\/index.php?rest_route=%2Fwp%2Fv2%2Fmedia&parent=35340"}],"wp:term":[{"taxonomy":"product_brand","embeddable":true,"href":"https:\/\/www.deporteseli.com\/index.php?rest_route=%2Fwp%2Fv2%2Fproduct_brand&post=35340"},{"taxonomy":"product_cat","embeddable":true,"href":"https:\/\/www.deporteseli.com\/index.php?rest_route=%2Fwp%2Fv2%2Fproduct_cat&post=35340"},{"taxonomy":"product_tag","embeddable":true,"href":"https:\/\/www.deporteseli.com\/index.php?rest_route=%2Fwp%2Fv2%2Fproduct_tag&post=35340"}],"curies":[{"name":"wp","href":"https:\/\/api.w.org\/{rel}","templated":true}]}}