{"id":35335,"date":"2026-01-27T16:47:00","date_gmt":"2026-01-27T16:47:00","guid":{"rendered":"https:\/\/www.deporteseli.com\/?product=camiseta-adidas-aeroready-de-3-bandas"},"modified":"2026-02-16T07:43:08","modified_gmt":"2026-02-16T07:43:08","slug":"camiseta-adidas-aeroready-de-3-bandas","status":"publish","type":"product","link":"https:\/\/www.deporteseli.com\/?product=camiseta-adidas-aeroready-de-3-bandas","title":{"rendered":"CAMISETA ADIDAS AEROREADY DE 3 BANDAS"},"content":{"rendered":"<p>Edad  Junior  SubMarca  Badge of Sports  Tipo  Camiseta (Manga Corta)  Grupo de producto  Camisetas  Todas las Categor\u00edas  Textil, Training  L\u00ednea de Producto  Training APP Kids    Composici\u00f3n  100% rec polyester  Composici\u00f3n  Doubleknit  Peso  160  Tallas  104 &#8211; 170.                                                                                                                                                                                                                                                                                                                                                                                                                                                                                                                                                                                                                                                                                                                                                                                                                                                                                                                                                                                                                                        <\/p>\n","protected":false},"excerpt":{"rendered":"<p>CAMISETA ADIDAS AEROREADY DE 3 BANDAS<\/p>\n","protected":false},"featured_media":50072,"template":"","meta":[],"product_brand":[],"product_cat":[376],"product_tag":[18],"class_list":{"0":"post-35335","1":"product","2":"type-product","3":"status-publish","4":"has-post-thumbnail","6":"product_cat-ninas_textil_camisetas","7":"product_tag-adidas","8":"pa_color-unico","9":"pa_talla-t-10","10":"pa_talla-t-16","11":"thunk-woo-product-list","12":"opn-qv-enable","13":"open-woo-hover-","14":"open-single-product-tab-horizontal","15":"open-shadow-","16":"open-shadow-hover-","18":"first","19":"instock","20":"shipping-taxable","21":"purchasable","22":"product-type-variable"},"jetpack_sharing_enabled":true,"_links":{"self":[{"href":"https:\/\/www.deporteseli.com\/index.php?rest_route=\/wp\/v2\/product\/35335","targetHints":{"allow":["GET"]}}],"collection":[{"href":"https:\/\/www.deporteseli.com\/index.php?rest_route=\/wp\/v2\/product"}],"about":[{"href":"https:\/\/www.deporteseli.com\/index.php?rest_route=\/wp\/v2\/types\/product"}],"wp:featuredmedia":[{"embeddable":true,"href":"https:\/\/www.deporteseli.com\/index.php?rest_route=\/wp\/v2\/media\/50072"}],"wp:attachment":[{"href":"https:\/\/www.deporteseli.com\/index.php?rest_route=%2Fwp%2Fv2%2Fmedia&parent=35335"}],"wp:term":[{"taxonomy":"product_brand","embeddable":true,"href":"https:\/\/www.deporteseli.com\/index.php?rest_route=%2Fwp%2Fv2%2Fproduct_brand&post=35335"},{"taxonomy":"product_cat","embeddable":true,"href":"https:\/\/www.deporteseli.com\/index.php?rest_route=%2Fwp%2Fv2%2Fproduct_cat&post=35335"},{"taxonomy":"product_tag","embeddable":true,"href":"https:\/\/www.deporteseli.com\/index.php?rest_route=%2Fwp%2Fv2%2Fproduct_tag&post=35335"}],"curies":[{"name":"wp","href":"https:\/\/api.w.org\/{rel}","templated":true}]}}