{"id":35329,"date":"2026-01-27T16:46:53","date_gmt":"2026-01-27T16:46:53","guid":{"rendered":"https:\/\/www.deporteseli.com\/?product=camiseta-ajustada-sin-mangas-techfit"},"modified":"2026-01-27T16:46:54","modified_gmt":"2026-01-27T16:46:54","slug":"camiseta-ajustada-sin-mangas-techfit","status":"publish","type":"product","link":"https:\/\/www.deporteseli.com\/?product=camiseta-ajustada-sin-mangas-techfit","title":{"rendered":"CAMISETA AJUSTADA SIN MANGAS TECHFIT"},"content":{"rendered":"<p>ENTRENA CON COMODIDAD  Esta camiseta adidas se adapta a tus sesiones de cardio y dominadas. Su tejido ligero y transpirable mantiene la piel fresca y seca. El dise\u00f1o el\u00e1stico sin mangas te ofrece una total libertad de movimiento. Tambi\u00e9n te permite presumir del resultado del duro esfuerzo en el gimnasio.    Este producto se ha fabricado con Primegreen, una combinaci\u00f3n de materiales reciclados de alto rendimiento.  DETALLES  Corte holgado  Cuello redondo  Punto 88% poli\u00e9ster reciclado \/ 12% elast\u00e1n  Tejido ligero y el\u00e1stico  Panel trasero de malla  Primegreen  Color del art\u00edculo: Legend Ink  N\u00famero de art\u00edculo: GM0518                                                                                                                                                                                                                                                                                                                                                                                                                                                                                                                                                                                                                                                                                                                                                                                                                                                                                                                                                                                                                                        <\/p>\n","protected":false},"excerpt":{"rendered":"<p>CAMISETA AJUSTADA SIN MANGAS TECHFIT<\/p>\n","protected":false},"featured_media":50062,"template":"","meta":[],"product_brand":[],"product_cat":[245],"product_tag":[18],"class_list":{"0":"post-35329","1":"product","2":"type-product","3":"status-publish","4":"has-post-thumbnail","6":"product_cat-hombre_textil_camisetas","7":"product_tag-adidas","8":"pa_color-unico","9":"pa_talla-m","10":"thunk-woo-product-list","11":"opn-qv-enable","12":"open-woo-hover-","13":"open-single-product-tab-horizontal","14":"open-shadow-","15":"open-shadow-hover-","17":"first","18":"instock","19":"shipping-taxable","20":"purchasable","21":"product-type-variable"},"jetpack_sharing_enabled":true,"_links":{"self":[{"href":"https:\/\/www.deporteseli.com\/index.php?rest_route=\/wp\/v2\/product\/35329","targetHints":{"allow":["GET"]}}],"collection":[{"href":"https:\/\/www.deporteseli.com\/index.php?rest_route=\/wp\/v2\/product"}],"about":[{"href":"https:\/\/www.deporteseli.com\/index.php?rest_route=\/wp\/v2\/types\/product"}],"wp:featuredmedia":[{"embeddable":true,"href":"https:\/\/www.deporteseli.com\/index.php?rest_route=\/wp\/v2\/media\/50062"}],"wp:attachment":[{"href":"https:\/\/www.deporteseli.com\/index.php?rest_route=%2Fwp%2Fv2%2Fmedia&parent=35329"}],"wp:term":[{"taxonomy":"product_brand","embeddable":true,"href":"https:\/\/www.deporteseli.com\/index.php?rest_route=%2Fwp%2Fv2%2Fproduct_brand&post=35329"},{"taxonomy":"product_cat","embeddable":true,"href":"https:\/\/www.deporteseli.com\/index.php?rest_route=%2Fwp%2Fv2%2Fproduct_cat&post=35329"},{"taxonomy":"product_tag","embeddable":true,"href":"https:\/\/www.deporteseli.com\/index.php?rest_route=%2Fwp%2Fv2%2Fproduct_tag&post=35329"}],"curies":[{"name":"wp","href":"https:\/\/api.w.org\/{rel}","templated":true}]}}