{"id":35327,"date":"2026-01-27T16:46:50","date_gmt":"2026-01-27T16:46:50","guid":{"rendered":"https:\/\/www.deporteseli.com\/?product=zapatos-faito-summer-rdy"},"modified":"2026-02-13T16:53:27","modified_gmt":"2026-02-13T16:53:27","slug":"zapatos-faito-summer-rdy","status":"publish","type":"product","link":"https:\/\/www.deporteseli.com\/?product=zapatos-faito-summer-rdy","title":{"rendered":"ZAPATOS FAITO SUMMER.RDY"},"content":{"rendered":"<p>ZAPATILLAS LIGERAS PARA JUNIORS PARA CORREDORES.  Dise\u00f1adas para brindar soporte y amortiguaci\u00f3n livianos, estas zapatillas de correr adidas para j\u00f3venes te mantendr\u00e1n rodando kil\u00f3metros d\u00eda tras d\u00eda. La parte superior de malla es transpirable y el tal\u00f3n ofrece un ajuste firme para maximizar la eficiencia. Una entresuela Cloudfoam amortigua cada paso, desde el golpe del tal\u00f3n hasta el despegue.  ESPECIFICACIONES  Ajuste regular  Cierre de cordones  Parte superior de malla  Ajuste perfecto del tal\u00f3n  Forro textil  Entresuela Cloudfoam  Suela de goma que no deja marcas  Color: gris tres \/ blanco nube \/ rosa solar  C\u00f3digo de producto: FY1621                                                                                                                                                                                                                                                                                                                                                                                                                                                                                                                                                                                                                                                                                                                                                                                                                                                                                                                                                                                                                                        <\/p>\n","protected":false},"excerpt":{"rendered":"<p>ZAPATOS FAITO SUMMER.RDY<\/p>\n","protected":false},"featured_media":50057,"template":"","meta":[],"product_brand":[],"product_cat":[237],"product_tag":[18],"class_list":{"0":"post-35327","1":"product","2":"type-product","3":"status-publish","4":"has-post-thumbnail","6":"product_cat-outlet_calzado","7":"product_tag-adidas","8":"pa_color-unico","9":"pa_talla-145","10":"thunk-woo-product-list","11":"opn-qv-enable","12":"open-woo-hover-","13":"open-single-product-tab-horizontal","14":"open-shadow-","15":"open-shadow-hover-","17":"first","18":"instock","19":"sale","20":"shipping-taxable","21":"purchasable","22":"product-type-variable"},"jetpack_sharing_enabled":true,"_links":{"self":[{"href":"https:\/\/www.deporteseli.com\/index.php?rest_route=\/wp\/v2\/product\/35327","targetHints":{"allow":["GET"]}}],"collection":[{"href":"https:\/\/www.deporteseli.com\/index.php?rest_route=\/wp\/v2\/product"}],"about":[{"href":"https:\/\/www.deporteseli.com\/index.php?rest_route=\/wp\/v2\/types\/product"}],"wp:featuredmedia":[{"embeddable":true,"href":"https:\/\/www.deporteseli.com\/index.php?rest_route=\/wp\/v2\/media\/50057"}],"wp:attachment":[{"href":"https:\/\/www.deporteseli.com\/index.php?rest_route=%2Fwp%2Fv2%2Fmedia&parent=35327"}],"wp:term":[{"taxonomy":"product_brand","embeddable":true,"href":"https:\/\/www.deporteseli.com\/index.php?rest_route=%2Fwp%2Fv2%2Fproduct_brand&post=35327"},{"taxonomy":"product_cat","embeddable":true,"href":"https:\/\/www.deporteseli.com\/index.php?rest_route=%2Fwp%2Fv2%2Fproduct_cat&post=35327"},{"taxonomy":"product_tag","embeddable":true,"href":"https:\/\/www.deporteseli.com\/index.php?rest_route=%2Fwp%2Fv2%2Fproduct_tag&post=35327"}],"curies":[{"name":"wp","href":"https:\/\/api.w.org\/{rel}","templated":true}]}}