{"id":35325,"date":"2026-01-27T16:46:47","date_gmt":"2026-01-27T16:46:47","guid":{"rendered":"https:\/\/www.deporteseli.com\/?product=calcetines-adidas-light-ank-3pp"},"modified":"2026-01-27T16:46:50","modified_gmt":"2026-01-27T16:46:50","slug":"calcetines-adidas-light-ank-3pp","status":"publish","type":"product","link":"https:\/\/www.deporteseli.com\/?product=calcetines-adidas-light-ank-3pp","title":{"rendered":"CALCETINES ADIDAS LIGHT ANK 3PP"},"content":{"rendered":"<p>Composici\u00f3n    57% algod\u00f3n, 41% poli\u00e9ster, 2% elastano  Propiedades    Tipo de material: tejido de diferentes fibras  Limpieza: lavable a m\u00e1quina  Corte: tobillo  Paquete: 3 piezas \/ paquete                                                                                                                                                                                                                                                                                                                                                                                                                                                                                                                                                                                                                                                                                                                                                                                                                                                                                                                                                                                                                                        <\/p>\n","protected":false},"excerpt":{"rendered":"<p>CALCETINES ADIDAS LIGHT ANK 3PP<\/p>\n","protected":false},"featured_media":50056,"template":"","meta":[],"product_brand":[],"product_cat":[400],"product_tag":[18],"class_list":{"0":"post-35325","1":"product","2":"type-product","3":"status-publish","4":"has-post-thumbnail","6":"product_cat-accesorios_calcetines","7":"product_tag-adidas","8":"pa_color-unico","9":"pa_talla-39-42","10":"thunk-woo-product-list","11":"opn-qv-enable","12":"open-woo-hover-","13":"open-single-product-tab-horizontal","14":"open-shadow-","15":"open-shadow-hover-","17":"first","18":"instock","19":"shipping-taxable","20":"purchasable","21":"product-type-variable"},"jetpack_sharing_enabled":true,"_links":{"self":[{"href":"https:\/\/www.deporteseli.com\/index.php?rest_route=\/wp\/v2\/product\/35325","targetHints":{"allow":["GET"]}}],"collection":[{"href":"https:\/\/www.deporteseli.com\/index.php?rest_route=\/wp\/v2\/product"}],"about":[{"href":"https:\/\/www.deporteseli.com\/index.php?rest_route=\/wp\/v2\/types\/product"}],"wp:featuredmedia":[{"embeddable":true,"href":"https:\/\/www.deporteseli.com\/index.php?rest_route=\/wp\/v2\/media\/50056"}],"wp:attachment":[{"href":"https:\/\/www.deporteseli.com\/index.php?rest_route=%2Fwp%2Fv2%2Fmedia&parent=35325"}],"wp:term":[{"taxonomy":"product_brand","embeddable":true,"href":"https:\/\/www.deporteseli.com\/index.php?rest_route=%2Fwp%2Fv2%2Fproduct_brand&post=35325"},{"taxonomy":"product_cat","embeddable":true,"href":"https:\/\/www.deporteseli.com\/index.php?rest_route=%2Fwp%2Fv2%2Fproduct_cat&post=35325"},{"taxonomy":"product_tag","embeddable":true,"href":"https:\/\/www.deporteseli.com\/index.php?rest_route=%2Fwp%2Fv2%2Fproduct_tag&post=35325"}],"curies":[{"name":"wp","href":"https:\/\/api.w.org\/{rel}","templated":true}]}}