{"id":35317,"date":"2026-01-27T16:46:38","date_gmt":"2026-01-27T16:46:38","guid":{"rendered":"https:\/\/www.deporteseli.com\/?product=pantalon-corto-training-essentials-tape"},"modified":"2026-01-27T16:46:40","modified_gmt":"2026-01-27T16:46:40","slug":"pantalon-corto-training-essentials-tape","status":"publish","type":"product","link":"https:\/\/www.deporteseli.com\/?product=pantalon-corto-training-essentials-tape","title":{"rendered":"PANTAL\u00f3N CORTO TRAINING ESSENTIALS TAPE"},"content":{"rendered":"<p>UN PANTAL\u00d3N CORTO DE FELPA PARA UN CONFORT DIARIO.  Mant\u00e9n tu look atl\u00e9tico incluso los d\u00edas de descanso. Este pantal\u00f3n corto para hombre est\u00e1 confeccionado con felpa de mezcla de algod\u00f3n que proporciona confort y transpirabilidad. La cinta con logotipos Reebok en los laterales le da un toque deportivo.  DETALLES  Corte ajustado.  Cintura el\u00e1stica con cord\u00f3n ajustable.  Felpa, 80 % algod\u00f3n \/ 20 % poli\u00e9ster reciclado.  Bolsillos laterales.  Color del art\u00edculo: Army Green  N\u00famero de art\u00edculo: GU9957                                                                                                                                                                                                                                                                                                                                                                                                                                                                                                                                                                                                                                                                                                                                                                                                                                                                                                                                                                                                                                        <\/p>\n","protected":false},"excerpt":{"rendered":"<p>PANTAL\u00f3N CORTO TRAINING ESSENTIALS TAPE<\/p>\n","protected":false},"featured_media":50049,"template":"","meta":[],"product_brand":[],"product_cat":[251],"product_tag":[41],"class_list":{"0":"post-35317","1":"product","2":"type-product","3":"status-publish","4":"has-post-thumbnail","6":"product_cat-hombre_textil_shorts","7":"product_tag-reebok","8":"pa_color-unico","9":"pa_talla-l","10":"thunk-woo-product-list","11":"opn-qv-enable","12":"open-woo-hover-","13":"open-single-product-tab-horizontal","14":"open-shadow-","15":"open-shadow-hover-","17":"first","18":"instock","19":"shipping-taxable","20":"purchasable","21":"product-type-variable"},"jetpack_sharing_enabled":true,"_links":{"self":[{"href":"https:\/\/www.deporteseli.com\/index.php?rest_route=\/wp\/v2\/product\/35317","targetHints":{"allow":["GET"]}}],"collection":[{"href":"https:\/\/www.deporteseli.com\/index.php?rest_route=\/wp\/v2\/product"}],"about":[{"href":"https:\/\/www.deporteseli.com\/index.php?rest_route=\/wp\/v2\/types\/product"}],"wp:featuredmedia":[{"embeddable":true,"href":"https:\/\/www.deporteseli.com\/index.php?rest_route=\/wp\/v2\/media\/50049"}],"wp:attachment":[{"href":"https:\/\/www.deporteseli.com\/index.php?rest_route=%2Fwp%2Fv2%2Fmedia&parent=35317"}],"wp:term":[{"taxonomy":"product_brand","embeddable":true,"href":"https:\/\/www.deporteseli.com\/index.php?rest_route=%2Fwp%2Fv2%2Fproduct_brand&post=35317"},{"taxonomy":"product_cat","embeddable":true,"href":"https:\/\/www.deporteseli.com\/index.php?rest_route=%2Fwp%2Fv2%2Fproduct_cat&post=35317"},{"taxonomy":"product_tag","embeddable":true,"href":"https:\/\/www.deporteseli.com\/index.php?rest_route=%2Fwp%2Fv2%2Fproduct_tag&post=35317"}],"curies":[{"name":"wp","href":"https:\/\/api.w.org\/{rel}","templated":true}]}}