{"id":35312,"date":"2026-01-27T16:46:32","date_gmt":"2026-01-27T16:46:32","guid":{"rendered":"https:\/\/www.deporteseli.com\/?product=polo-training-essentials"},"modified":"2026-01-27T16:46:35","modified_gmt":"2026-01-27T16:46:35","slug":"polo-training-essentials","status":"publish","type":"product","link":"https:\/\/www.deporteseli.com\/?product=polo-training-essentials","title":{"rendered":"POLO TRAINING ESSENTIALS"},"content":{"rendered":"<p>UN POLO CL\u00c1SICO QUE DISPERSA EL SUDOR.  Rendimiento deportivo con un estilo informal. Este polo para hombre est\u00e1 confeccionado con tejido que dispersa la humedad, ayud\u00e1ndote a mantenerte seco y c\u00f3modo en el gym o en la calle. Viene con un corte ajustado y cuenta con aberturas en las costuras laterales para m\u00e1s libertad de movimiento.  DETALLES  Piqu\u00e9, 62 % algod\u00f3n \/ 38 % poli\u00e9ster.  Corte ajustado.  La tecnolog\u00eda Speedwick dispersa el sudor manteniendo tu piel fresca y seca.  Cuello de polo en canal\u00e9 con solapa de tres botones.  Manga corta con pu\u00f1os de canal\u00e9  aberturas en las costuras laterales.  Colaboramos con Better Cotton Initiative, una iniciativa para mejorar el cultivo de algod\u00f3n en el mundo.  Color del art\u00edculo: Black  N\u00famero de art\u00edculo: FP9173                                                                                                                                                                                                                                                                                                                                                                                                                                                                                                                                                                                                                                                                                                                                                                                                                                                                                                                                                                                                                                        <\/p>\n","protected":false},"excerpt":{"rendered":"<p>POLO TRAINING ESSENTIALS<\/p>\n","protected":false},"featured_media":50044,"template":"","meta":[],"product_brand":[],"product_cat":[245],"product_tag":[41],"class_list":{"0":"post-35312","1":"product","2":"type-product","3":"status-publish","4":"has-post-thumbnail","6":"product_cat-hombre_textil_camisetas","7":"product_tag-reebok","8":"pa_color-unico","9":"pa_talla-m","10":"pa_talla-s","11":"thunk-woo-product-list","12":"opn-qv-enable","13":"open-woo-hover-","14":"open-single-product-tab-horizontal","15":"open-shadow-","16":"open-shadow-hover-","18":"first","19":"instock","20":"shipping-taxable","21":"purchasable","22":"product-type-variable"},"jetpack_sharing_enabled":true,"_links":{"self":[{"href":"https:\/\/www.deporteseli.com\/index.php?rest_route=\/wp\/v2\/product\/35312","targetHints":{"allow":["GET"]}}],"collection":[{"href":"https:\/\/www.deporteseli.com\/index.php?rest_route=\/wp\/v2\/product"}],"about":[{"href":"https:\/\/www.deporteseli.com\/index.php?rest_route=\/wp\/v2\/types\/product"}],"wp:featuredmedia":[{"embeddable":true,"href":"https:\/\/www.deporteseli.com\/index.php?rest_route=\/wp\/v2\/media\/50044"}],"wp:attachment":[{"href":"https:\/\/www.deporteseli.com\/index.php?rest_route=%2Fwp%2Fv2%2Fmedia&parent=35312"}],"wp:term":[{"taxonomy":"product_brand","embeddable":true,"href":"https:\/\/www.deporteseli.com\/index.php?rest_route=%2Fwp%2Fv2%2Fproduct_brand&post=35312"},{"taxonomy":"product_cat","embeddable":true,"href":"https:\/\/www.deporteseli.com\/index.php?rest_route=%2Fwp%2Fv2%2Fproduct_cat&post=35312"},{"taxonomy":"product_tag","embeddable":true,"href":"https:\/\/www.deporteseli.com\/index.php?rest_route=%2Fwp%2Fv2%2Fproduct_tag&post=35312"}],"curies":[{"name":"wp","href":"https:\/\/api.w.org\/{rel}","templated":true}]}}