{"id":35302,"date":"2026-01-27T16:46:21","date_gmt":"2026-01-27T16:46:21","guid":{"rendered":"https:\/\/www.deporteseli.com\/?product=calcetines-tobilleros-active-core-3-pares"},"modified":"2026-01-27T16:46:24","modified_gmt":"2026-01-27T16:46:24","slug":"calcetines-tobilleros-active-core-3-pares","status":"publish","type":"product","link":"https:\/\/www.deporteseli.com\/?product=calcetines-tobilleros-active-core-3-pares","title":{"rendered":"CALCETINES TOBILLEROS ACTIVE CORE &#8211; 3 PARES"},"content":{"rendered":"<p>UNOS CALCETINES TOBILLEROS CON PU\u00d1OS EN CANAL\u00c9.  Desaf\u00eda la gravedad. Estos calcetines de entrenamiento cuentan con pu\u00f1os con canal\u00e9 para que no se bajen justo cuando est\u00e9s alcanzando el punto de m\u00e1ximo esfuerzo. Lucen un logotipo Reebok en el tal\u00f3n para un estilo atl\u00e9tico sutil. Est\u00e1n dise\u00f1ados con algod\u00f3n y vienen en paquetes de tres pares.  DETALLES  100 % algod\u00f3n.  Ideales para: entrenar.  Corte tobillero.  Cada pack incluye tres pares.  Pu\u00f1os de canal\u00e9 para evitar que los calcetines se bajen.  Color del art\u00edculo: Black  N\u00famero de art\u00edculo: GH8166                                                                                                                                                                                                                                                                                                                                                                                                                                                                                                                                                                                                                                                                                                                                                                                                                                                                                                                                                                                                                                        <\/p>\n","protected":false},"excerpt":{"rendered":"<p>CALCETINES TOBILLEROS ACTIVE CORE &#8211; 3 PARES<\/p>\n","protected":false},"featured_media":50038,"template":"","meta":[],"product_brand":[],"product_cat":[400],"product_tag":[41],"class_list":{"0":"post-35302","1":"product","2":"type-product","3":"status-publish","4":"has-post-thumbnail","6":"product_cat-accesorios_calcetines","7":"product_tag-reebok","8":"pa_color-unico","9":"pa_talla-35-38","10":"pa_talla-39-42","11":"thunk-woo-product-list","12":"opn-qv-enable","13":"open-woo-hover-","14":"open-single-product-tab-horizontal","15":"open-shadow-","16":"open-shadow-hover-","18":"first","19":"instock","20":"shipping-taxable","21":"purchasable","22":"product-type-variable"},"jetpack_sharing_enabled":true,"_links":{"self":[{"href":"https:\/\/www.deporteseli.com\/index.php?rest_route=\/wp\/v2\/product\/35302","targetHints":{"allow":["GET"]}}],"collection":[{"href":"https:\/\/www.deporteseli.com\/index.php?rest_route=\/wp\/v2\/product"}],"about":[{"href":"https:\/\/www.deporteseli.com\/index.php?rest_route=\/wp\/v2\/types\/product"}],"wp:featuredmedia":[{"embeddable":true,"href":"https:\/\/www.deporteseli.com\/index.php?rest_route=\/wp\/v2\/media\/50038"}],"wp:attachment":[{"href":"https:\/\/www.deporteseli.com\/index.php?rest_route=%2Fwp%2Fv2%2Fmedia&parent=35302"}],"wp:term":[{"taxonomy":"product_brand","embeddable":true,"href":"https:\/\/www.deporteseli.com\/index.php?rest_route=%2Fwp%2Fv2%2Fproduct_brand&post=35302"},{"taxonomy":"product_cat","embeddable":true,"href":"https:\/\/www.deporteseli.com\/index.php?rest_route=%2Fwp%2Fv2%2Fproduct_cat&post=35302"},{"taxonomy":"product_tag","embeddable":true,"href":"https:\/\/www.deporteseli.com\/index.php?rest_route=%2Fwp%2Fv2%2Fproduct_tag&post=35302"}],"curies":[{"name":"wp","href":"https:\/\/api.w.org\/{rel}","templated":true}]}}