{"id":35300,"date":"2026-01-27T16:46:19","date_gmt":"2026-01-27T16:46:19","guid":{"rendered":"https:\/\/www.deporteseli.com\/?product=mallas-pirata-workout-ready-pant-program"},"modified":"2026-01-27T16:46:20","modified_gmt":"2026-01-27T16:46:20","slug":"mallas-pirata-workout-ready-pant-program","status":"publish","type":"product","link":"https:\/\/www.deporteseli.com\/?product=mallas-pirata-workout-ready-pant-program","title":{"rendered":"MALLAS PIRATA WORKOUT READY PANT PROGRAM"},"content":{"rendered":"<p>UNAS MALLAS PIRATA PARA ENTRENAR.  Mant\u00e9n la temperatura bajo control. Estas mallas para mujer tienen un corte pirata para que te sientas fresca al entrenar. Su tejido repele el sudor ayud\u00e1ndote a mantenerte seca repetici\u00f3n tras repetici\u00f3n. Su dise\u00f1o ajustado favorece tu figura. Vienen con un pr\u00e1ctico bolsillo en el lateral de la pierna para que mantengas tus pertenencias a buen recaudo.  DETALLES  Ajuste ce\u00f1ido.  Cintura el\u00e1stica.  Punto entrelazado Speedwick, 91 % poli\u00e9ster reciclado \/ 9 % elast\u00e1n.  Ideales para: cualquier tipo de entrenamiento.  Corte medio.  Bolsillo lateral.  Color del art\u00edculo: Black  N\u00famero de art\u00edculo: GL2628                                                                                                                                                                                                                                                                                                                                                                                                                                                                                                                                                                                                                                                                                                                                                                                                                                                                                                                                                                                                                                        <\/p>\n","protected":false},"excerpt":{"rendered":"<p>MALLAS PIRATA WORKOUT READY PANT PROGRAM<\/p>\n","protected":false},"featured_media":50034,"template":"","meta":[],"product_brand":[],"product_cat":[281],"product_tag":[41],"class_list":{"0":"post-35300","1":"product","2":"type-product","3":"status-publish","4":"has-post-thumbnail","6":"product_cat-mujer_textil_mallas","7":"product_tag-reebok","8":"pa_color-unico","9":"pa_talla-xs","10":"thunk-woo-product-list","11":"opn-qv-enable","12":"open-woo-hover-","13":"open-single-product-tab-horizontal","14":"open-shadow-","15":"open-shadow-hover-","17":"first","18":"instock","19":"shipping-taxable","20":"purchasable","21":"product-type-variable"},"jetpack_sharing_enabled":true,"_links":{"self":[{"href":"https:\/\/www.deporteseli.com\/index.php?rest_route=\/wp\/v2\/product\/35300","targetHints":{"allow":["GET"]}}],"collection":[{"href":"https:\/\/www.deporteseli.com\/index.php?rest_route=\/wp\/v2\/product"}],"about":[{"href":"https:\/\/www.deporteseli.com\/index.php?rest_route=\/wp\/v2\/types\/product"}],"wp:featuredmedia":[{"embeddable":true,"href":"https:\/\/www.deporteseli.com\/index.php?rest_route=\/wp\/v2\/media\/50034"}],"wp:attachment":[{"href":"https:\/\/www.deporteseli.com\/index.php?rest_route=%2Fwp%2Fv2%2Fmedia&parent=35300"}],"wp:term":[{"taxonomy":"product_brand","embeddable":true,"href":"https:\/\/www.deporteseli.com\/index.php?rest_route=%2Fwp%2Fv2%2Fproduct_brand&post=35300"},{"taxonomy":"product_cat","embeddable":true,"href":"https:\/\/www.deporteseli.com\/index.php?rest_route=%2Fwp%2Fv2%2Fproduct_cat&post=35300"},{"taxonomy":"product_tag","embeddable":true,"href":"https:\/\/www.deporteseli.com\/index.php?rest_route=%2Fwp%2Fv2%2Fproduct_tag&post=35300"}],"curies":[{"name":"wp","href":"https:\/\/api.w.org\/{rel}","templated":true}]}}