{"id":35298,"date":"2026-01-27T16:46:16","date_gmt":"2026-01-27T16:46:16","guid":{"rendered":"https:\/\/www.deporteseli.com\/?product=programa-de-pantalones-cortos-para-entrenamie"},"modified":"2026-01-27T16:46:18","modified_gmt":"2026-01-27T16:46:18","slug":"programa-de-pantalones-cortos-para-entrenamie","status":"publish","type":"product","link":"https:\/\/www.deporteseli.com\/?product=programa-de-pantalones-cortos-para-entrenamie","title":{"rendered":"PROGRAMA DE PANTALONES CORTOS PARA ENTRENAMIE"},"content":{"rendered":"<p>SHORTS AJUSTADOS HECHOS CON MATERIALES RECICLADOS  Desde squats hasta walking lunges. Estos shorts de training para mujer te dan la libertad de movimiento que necesitas para dejarlo todo en el entrenamiento. Estos shorts ajustados est\u00e1n confeccionados en un tejido el\u00e1stico con tecnolog\u00eda Speedwick incorporada para eliminar el sudor de tu piel.      DETALLES  Corte ajustado  Tejido entrelazado Speedwick 91% poli\u00e9ster reciclado \/ 9% elastano  Ideal para: cualquier tipo de entrenamiento  Corte medio  Color del art\u00edculo: Black  N\u00famero de art\u00edculo: GL2624                                                                                                                                                                                                                                                                                                                                                                                                                                                                                                                                                                                                                                                                                                                                                                                                                                                                                                                                                                                                                                        <\/p>\n","protected":false},"excerpt":{"rendered":"<p>PROGRAMA DE PANTALONES CORTOS PARA ENTRENAMIE<\/p>\n","protected":false},"featured_media":50032,"template":"","meta":[],"product_brand":[],"product_cat":[277],"product_tag":[41],"class_list":{"0":"post-35298","1":"product","2":"type-product","3":"status-publish","4":"has-post-thumbnail","6":"product_cat-mujer_textil_shorts","7":"product_tag-reebok","8":"pa_color-unico","9":"pa_talla-t-14","10":"thunk-woo-product-list","11":"opn-qv-enable","12":"open-woo-hover-","13":"open-single-product-tab-horizontal","14":"open-shadow-","15":"open-shadow-hover-","17":"first","18":"instock","19":"shipping-taxable","20":"purchasable","21":"product-type-variable"},"jetpack_sharing_enabled":true,"_links":{"self":[{"href":"https:\/\/www.deporteseli.com\/index.php?rest_route=\/wp\/v2\/product\/35298","targetHints":{"allow":["GET"]}}],"collection":[{"href":"https:\/\/www.deporteseli.com\/index.php?rest_route=\/wp\/v2\/product"}],"about":[{"href":"https:\/\/www.deporteseli.com\/index.php?rest_route=\/wp\/v2\/types\/product"}],"wp:featuredmedia":[{"embeddable":true,"href":"https:\/\/www.deporteseli.com\/index.php?rest_route=\/wp\/v2\/media\/50032"}],"wp:attachment":[{"href":"https:\/\/www.deporteseli.com\/index.php?rest_route=%2Fwp%2Fv2%2Fmedia&parent=35298"}],"wp:term":[{"taxonomy":"product_brand","embeddable":true,"href":"https:\/\/www.deporteseli.com\/index.php?rest_route=%2Fwp%2Fv2%2Fproduct_brand&post=35298"},{"taxonomy":"product_cat","embeddable":true,"href":"https:\/\/www.deporteseli.com\/index.php?rest_route=%2Fwp%2Fv2%2Fproduct_cat&post=35298"},{"taxonomy":"product_tag","embeddable":true,"href":"https:\/\/www.deporteseli.com\/index.php?rest_route=%2Fwp%2Fv2%2Fproduct_tag&post=35298"}],"curies":[{"name":"wp","href":"https:\/\/api.w.org\/{rel}","templated":true}]}}