{"id":35292,"date":"2026-01-27T16:46:09","date_gmt":"2026-01-27T16:46:09","guid":{"rendered":"https:\/\/www.deporteseli.com\/?product=munequera-grande-tennis"},"modified":"2026-01-27T16:46:10","modified_gmt":"2026-01-27T16:46:10","slug":"munequera-grande-tennis","status":"publish","type":"product","link":"https:\/\/www.deporteseli.com\/?product=munequera-grande-tennis","title":{"rendered":"MU\u00f1EQUERA GRANDE TENNIS"},"content":{"rendered":"<p>QUE EL SUDOR NO TE IMPIDA GANAR EL PUNTO  \u00bfCinco sets? \u00bfTie-break? Dondequiera que te lleve el partido, evita el sudor. Esta mu\u00f1equera de tenis se ha confeccionado en un tejido absorbente y el\u00e1stico con el logotipo de adidas bordado en la parte frontal.  DETALLES  Su material, dise\u00f1o y grosor garantizan el m\u00e1ximo confort  Logotipo de adidas bordado en la parte frontal  Punto 38% algod\u00f3n \/ 35% poliacr\u00edlico \/ 24% poli\u00e9ster \/ 3% elastodieno  Color del art\u00edculo: Black \/ White  N\u00famero de art\u00edculo: CF6278                                                                                                                                                                                                                                                                                                                                                                                                                                                                                                                                                                                                                                                                                                                                                                                                                                                                                                                                                                                                                                        <\/p>\n","protected":false},"excerpt":{"rendered":"<p>MU\u00f1EQUERA GRANDE TENNIS<\/p>\n","protected":false},"featured_media":50022,"template":"","meta":[],"product_brand":[],"product_cat":[242],"product_tag":[18],"class_list":{"0":"post-35292","1":"product","2":"type-product","3":"status-publish","4":"has-post-thumbnail","6":"product_cat-unisex_accesorios","7":"product_tag-adidas","8":"pa_color-unico","9":"pa_talla-unica","10":"thunk-woo-product-list","11":"opn-qv-enable","12":"open-woo-hover-","13":"open-single-product-tab-horizontal","14":"open-shadow-","15":"open-shadow-hover-","17":"first","18":"instock","19":"shipping-taxable","20":"purchasable","21":"product-type-variable"},"jetpack_sharing_enabled":true,"_links":{"self":[{"href":"https:\/\/www.deporteseli.com\/index.php?rest_route=\/wp\/v2\/product\/35292","targetHints":{"allow":["GET"]}}],"collection":[{"href":"https:\/\/www.deporteseli.com\/index.php?rest_route=\/wp\/v2\/product"}],"about":[{"href":"https:\/\/www.deporteseli.com\/index.php?rest_route=\/wp\/v2\/types\/product"}],"wp:featuredmedia":[{"embeddable":true,"href":"https:\/\/www.deporteseli.com\/index.php?rest_route=\/wp\/v2\/media\/50022"}],"wp:attachment":[{"href":"https:\/\/www.deporteseli.com\/index.php?rest_route=%2Fwp%2Fv2%2Fmedia&parent=35292"}],"wp:term":[{"taxonomy":"product_brand","embeddable":true,"href":"https:\/\/www.deporteseli.com\/index.php?rest_route=%2Fwp%2Fv2%2Fproduct_brand&post=35292"},{"taxonomy":"product_cat","embeddable":true,"href":"https:\/\/www.deporteseli.com\/index.php?rest_route=%2Fwp%2Fv2%2Fproduct_cat&post=35292"},{"taxonomy":"product_tag","embeddable":true,"href":"https:\/\/www.deporteseli.com\/index.php?rest_route=%2Fwp%2Fv2%2Fproduct_tag&post=35292"}],"curies":[{"name":"wp","href":"https:\/\/api.w.org\/{rel}","templated":true}]}}