{"id":35288,"date":"2026-01-27T16:46:04","date_gmt":"2026-01-27T16:46:04","guid":{"rendered":"https:\/\/www.deporteseli.com\/?product=calcetines-invisibles-active-foundation-pac"},"modified":"2026-01-27T16:46:06","modified_gmt":"2026-01-27T16:46:06","slug":"calcetines-invisibles-active-foundation-pac","status":"publish","type":"product","link":"https:\/\/www.deporteseli.com\/?product=calcetines-invisibles-active-foundation-pac","title":{"rendered":"CALCETINES INVISIBLES ACTIVE FOUNDATION &#8211; PAC"},"content":{"rendered":"<p>CALCETINES INVISIBLES ACTIVE FOUNDATION &#8211; PACK DE 3  UNOS CALCETINES DE CORTE POR DEBAJO DEL TOBILLO.  Si no est\u00e1n a la vista, no est\u00e1n. Estos calcetines de entrenamiento lucen un dise\u00f1o minimalista con pu\u00f1os en canal\u00e9 para que no se muevan del sitio. El dise\u00f1o con felpa acolchada en el tal\u00f3n y la puntera proporciona comodidad en tus lunges y saltos de todo tipo. Vienen en un packs de tres pares.  DETALLES  66 % algod\u00f3n \/ 31 % poli\u00e9ster \/ 3 % elast\u00e1n.  Ideales para: entrenar.  Corte bajo.  Cada pack incluye tres pares.  Tal\u00f3n y punta de felpa para comodidad y amortiguaci\u00f3n.  Pu\u00f1os de canal\u00e9 para evitar que los calcetines se bajen.  Color del art\u00edculo: White  N\u00famero de art\u00edculo: GH0425                                                                                                                                                                                                                                                                                                                                                                                                                                                                                                                                                                                                                                                                                                                                                                                                                                                                                                                                                                                                                                        <\/p>\n","protected":false},"excerpt":{"rendered":"<p>CALCETINES INVISIBLES ACTIVE FOUNDATION &#8211; PAC<\/p>\n","protected":false},"featured_media":50015,"template":"","meta":[],"product_brand":[],"product_cat":[400],"product_tag":[41],"class_list":{"0":"post-35288","1":"product","2":"type-product","3":"status-publish","4":"has-post-thumbnail","6":"product_cat-accesorios_calcetines","7":"product_tag-reebok","8":"pa_color-unico","9":"pa_talla-31-34","10":"thunk-woo-product-list","11":"opn-qv-enable","12":"open-woo-hover-","13":"open-single-product-tab-horizontal","14":"open-shadow-","15":"open-shadow-hover-","17":"first","18":"instock","19":"shipping-taxable","20":"purchasable","21":"product-type-variable"},"jetpack_sharing_enabled":true,"_links":{"self":[{"href":"https:\/\/www.deporteseli.com\/index.php?rest_route=\/wp\/v2\/product\/35288","targetHints":{"allow":["GET"]}}],"collection":[{"href":"https:\/\/www.deporteseli.com\/index.php?rest_route=\/wp\/v2\/product"}],"about":[{"href":"https:\/\/www.deporteseli.com\/index.php?rest_route=\/wp\/v2\/types\/product"}],"wp:featuredmedia":[{"embeddable":true,"href":"https:\/\/www.deporteseli.com\/index.php?rest_route=\/wp\/v2\/media\/50015"}],"wp:attachment":[{"href":"https:\/\/www.deporteseli.com\/index.php?rest_route=%2Fwp%2Fv2%2Fmedia&parent=35288"}],"wp:term":[{"taxonomy":"product_brand","embeddable":true,"href":"https:\/\/www.deporteseli.com\/index.php?rest_route=%2Fwp%2Fv2%2Fproduct_brand&post=35288"},{"taxonomy":"product_cat","embeddable":true,"href":"https:\/\/www.deporteseli.com\/index.php?rest_route=%2Fwp%2Fv2%2Fproduct_cat&post=35288"},{"taxonomy":"product_tag","embeddable":true,"href":"https:\/\/www.deporteseli.com\/index.php?rest_route=%2Fwp%2Fv2%2Fproduct_tag&post=35288"}],"curies":[{"name":"wp","href":"https:\/\/api.w.org\/{rel}","templated":true}]}}