{"id":35281,"date":"2026-01-27T16:45:57","date_gmt":"2026-01-27T16:45:57","guid":{"rendered":"https:\/\/www.deporteseli.com\/?product=calcetines-invisibles-3-pares"},"modified":"2026-01-27T16:46:01","modified_gmt":"2026-01-27T16:46:01","slug":"calcetines-invisibles-3-pares","status":"publish","type":"product","link":"https:\/\/www.deporteseli.com\/?product=calcetines-invisibles-3-pares","title":{"rendered":"CALCETINES INVISIBLES 3 PARES"},"content":{"rendered":"<p>CALCETINES INVISIBLES EN UN PR\u00c1CTICO PAQUETE DE TRES.  Obt\u00e9n un estilo sin calcetines con este tr\u00edo de calcetines finos invisibles. El soporte del arco tejido y la costura suave de la puntera les brindan un ajuste y una sensaci\u00f3n c\u00f3modos. El logo de adidas agrega un toque final deportivo.  ESPECIFICACIONES  Duraci\u00f3n de la no presentaci\u00f3n  65% algod\u00f3n \/ 31% poli\u00e9ster \/ 3% elastano \/ 1% elastiodeno  Tres pares por paquete  Delgado y ligero  Costura enlazada en la puntera para una sensaci\u00f3n suave  Soporte del arco  Calcetines (A&amp;G)  Color del producto: negro \/ negro \/ negro  C\u00f3digo de producto: DZ9416                                                                                                                                                                                                                                                                                                                                                                                                                                                                                                                                                                                                                                                                                                                                                                                                                                                                                                                                                                                                                                        <\/p>\n","protected":false},"excerpt":{"rendered":"<p>CALCETINES INVISIBLES 3 PARES<\/p>\n","protected":false},"featured_media":50009,"template":"","meta":[],"product_brand":[],"product_cat":[400],"product_tag":[18],"class_list":{"0":"post-35281","1":"product","2":"type-product","3":"status-publish","4":"has-post-thumbnail","6":"product_cat-accesorios_calcetines","7":"product_tag-adidas","8":"pa_color-unico","9":"pa_talla-31-34","10":"pa_talla-35-38","11":"pa_talla-39-42","12":"pa_talla-43-46","13":"thunk-woo-product-list","14":"opn-qv-enable","15":"open-woo-hover-","16":"open-single-product-tab-horizontal","17":"open-shadow-","18":"open-shadow-hover-","20":"first","21":"instock","22":"shipping-taxable","23":"purchasable","24":"product-type-variable"},"jetpack_sharing_enabled":true,"_links":{"self":[{"href":"https:\/\/www.deporteseli.com\/index.php?rest_route=\/wp\/v2\/product\/35281","targetHints":{"allow":["GET"]}}],"collection":[{"href":"https:\/\/www.deporteseli.com\/index.php?rest_route=\/wp\/v2\/product"}],"about":[{"href":"https:\/\/www.deporteseli.com\/index.php?rest_route=\/wp\/v2\/types\/product"}],"wp:featuredmedia":[{"embeddable":true,"href":"https:\/\/www.deporteseli.com\/index.php?rest_route=\/wp\/v2\/media\/50009"}],"wp:attachment":[{"href":"https:\/\/www.deporteseli.com\/index.php?rest_route=%2Fwp%2Fv2%2Fmedia&parent=35281"}],"wp:term":[{"taxonomy":"product_brand","embeddable":true,"href":"https:\/\/www.deporteseli.com\/index.php?rest_route=%2Fwp%2Fv2%2Fproduct_brand&post=35281"},{"taxonomy":"product_cat","embeddable":true,"href":"https:\/\/www.deporteseli.com\/index.php?rest_route=%2Fwp%2Fv2%2Fproduct_cat&post=35281"},{"taxonomy":"product_tag","embeddable":true,"href":"https:\/\/www.deporteseli.com\/index.php?rest_route=%2Fwp%2Fv2%2Fproduct_tag&post=35281"}],"curies":[{"name":"wp","href":"https:\/\/api.w.org\/{rel}","templated":true}]}}