{"id":35275,"date":"2026-01-27T16:45:50","date_gmt":"2026-01-27T16:45:50","guid":{"rendered":"https:\/\/www.deporteseli.com\/?product=shorts-de-bano-classic-badge-of-sport"},"modified":"2026-01-27T16:45:56","modified_gmt":"2026-01-27T16:45:56","slug":"shorts-de-bano-classic-badge-of-sport","status":"publish","type":"product","link":"https:\/\/www.deporteseli.com\/?product=shorts-de-bano-classic-badge-of-sport","title":{"rendered":"SHORTS DE BA\u00f1O CLASSIC BADGE OF SPORT"},"content":{"rendered":"<p>SHORTS DE BA\u00d1O DE USO DIARIO CONFECCIONADOS EN TEJIDO RESISTENTE AL CLORO.  Cada campe\u00f3n mundial fue alguna vez un ni\u00f1o al que le encantaba el agua. Tu peque\u00f1o nadador puede mejorar sus habilidades con estos shorts de ba\u00f1o adidas. La tela liviana y un calzoncillo interior de malla brindan cobertura y una sensaci\u00f3n de apoyo.  ESPECIFICACIONES  Cintura el\u00e1stica con cord\u00f3n interior  Tejido liso 100% poli\u00e9ster reciclado  Sensaci\u00f3n c\u00f3moda y ligera  Traje de ba\u00f1o para entrenamiento de nataci\u00f3n regular  Calzoncillos interiores de malla  Tejido Infinitex Fitness duradero  Bolsillo trasero con velcro  Acabado repelente al agua sin PFC  Estos shorts de ba\u00f1o est\u00e1n hechos con poli\u00e9ster reciclado para ahorrar recursos y disminuir las emisiones.  Color del art\u00edculo: Shock Cyan  C\u00f3digo de producto: FL8714                                                                                                                                                                                                                                                                                                                                                                                                                                                                                                                                                                                                                                                                                                                                                                                                                                                                                                                                                                                                                                        <\/p>\n","protected":false},"excerpt":{"rendered":"<p>SHORTS DE BA\u00f1O CLASSIC BADGE OF SPORT<\/p>\n","protected":false},"featured_media":50005,"template":"","meta":[],"product_brand":[],"product_cat":[306],"product_tag":[18],"class_list":{"0":"post-35275","1":"product","2":"type-product","3":"status-publish","4":"has-post-thumbnail","6":"product_cat-nino_textil_banadores","7":"product_tag-adidas","8":"pa_color-unico","9":"pa_talla-t-10","10":"pa_talla-t-12","11":"pa_talla-t-14","12":"pa_talla-t-16","13":"pa_talla-t-8","14":"thunk-woo-product-list","15":"opn-qv-enable","16":"open-woo-hover-","17":"open-single-product-tab-horizontal","18":"open-shadow-","19":"open-shadow-hover-","21":"first","22":"instock","23":"shipping-taxable","24":"purchasable","25":"product-type-variable"},"jetpack_sharing_enabled":true,"_links":{"self":[{"href":"https:\/\/www.deporteseli.com\/index.php?rest_route=\/wp\/v2\/product\/35275","targetHints":{"allow":["GET"]}}],"collection":[{"href":"https:\/\/www.deporteseli.com\/index.php?rest_route=\/wp\/v2\/product"}],"about":[{"href":"https:\/\/www.deporteseli.com\/index.php?rest_route=\/wp\/v2\/types\/product"}],"wp:featuredmedia":[{"embeddable":true,"href":"https:\/\/www.deporteseli.com\/index.php?rest_route=\/wp\/v2\/media\/50005"}],"wp:attachment":[{"href":"https:\/\/www.deporteseli.com\/index.php?rest_route=%2Fwp%2Fv2%2Fmedia&parent=35275"}],"wp:term":[{"taxonomy":"product_brand","embeddable":true,"href":"https:\/\/www.deporteseli.com\/index.php?rest_route=%2Fwp%2Fv2%2Fproduct_brand&post=35275"},{"taxonomy":"product_cat","embeddable":true,"href":"https:\/\/www.deporteseli.com\/index.php?rest_route=%2Fwp%2Fv2%2Fproduct_cat&post=35275"},{"taxonomy":"product_tag","embeddable":true,"href":"https:\/\/www.deporteseli.com\/index.php?rest_route=%2Fwp%2Fv2%2Fproduct_tag&post=35275"}],"curies":[{"name":"wp","href":"https:\/\/api.w.org\/{rel}","templated":true}]}}