{"id":35273,"date":"2026-01-27T16:45:48","date_gmt":"2026-01-27T16:45:48","guid":{"rendered":"https:\/\/www.deporteseli.com\/?product=toallitas-nox-grip-gorilla"},"modified":"2026-04-23T04:17:28","modified_gmt":"2026-04-23T04:17:28","slug":"toallitas-nox-grip-gorilla","status":"publish","type":"product","link":"https:\/\/www.deporteseli.com\/?product=toallitas-nox-grip-gorilla","title":{"rendered":"TOALLITAS NOX GRIP GORILLA"},"content":{"rendered":"<p>Te presentamos la soluci\u00f3n definitiva al sudor en las manos: la toalla para jugar a p\u00e1del grip Gorilla Gold de Nox. Su f\u00f3rmula de resina especial no t\u00f3xica elaborada a partir de cera de abeja, ofrece un agarre seco y firme.    Aproximadamente suele aguantar en buenas condiciones unos 3 meses, seg\u00fan la frecuencia de uso. Para mayor durabilidad, la debes guardar en su propia bolsa despu\u00e9s de utilizarla. Adem\u00e1s, es un producto que no ensucia y tampoco huele.    Toallita gorilla gold, an\u00e1lisis  La toalla Grip Gorilla Gold va en una bolsita individual.  Mejora el agarre en \u00e9pocas de calor y bajo la lluvia.  No deja residuos ni en las manos ni en el mango.  Apto para palas de p\u00e1del, raquetas de tennis, squash o badminton.  Se puede aplicar presionando la toalla con las manos o directamente sobre el grip.  Para mejorar el efecto, la superficie tiene que estar seca.  Nuevo complemento de Nox Padel 2019.  \u00bfA qui\u00e9n va dirigido?   Apto para chicos y chicas que jueguen a p\u00e1del y quieran tener un agarre fuerte de la pala, evitando que \u00e9sta se resbale de las manos. Tambi\u00e9n es un accesorio que se puede utilizar en cualquier deporte de raqueta.    \u00bfPor qu\u00e9 te va a gustar?  Porque las toallitas gorilla proporcionan una sujeci\u00f3n adecuada, sin que la raqueta deslice durante el juego. Adem\u00e1s, es un m\u00e9todo muy sencillo de utilizar y no resulta pegajoso ni molesto en las manos.                                                                                                                                                                                                                                                                                                                                                                                                                                                                                                                                                                                                                                                                                                                                                                                                                                                                                                                                                                                                                                        <\/p>\n","protected":false},"excerpt":{"rendered":"<p>TOALLITAS NOX GRIP GORILLA<\/p>\n","protected":false},"featured_media":50002,"template":"","meta":[],"product_brand":[],"product_cat":[242],"product_tag":[33],"class_list":{"0":"post-35273","1":"product","2":"type-product","3":"status-publish","4":"has-post-thumbnail","6":"product_cat-unisex_accesorios","7":"product_tag-nox","8":"pa_color-unico","9":"pa_talla-unica","10":"thunk-woo-product-list","11":"opn-qv-enable","12":"open-woo-hover-","13":"open-single-product-tab-horizontal","14":"open-shadow-","15":"open-shadow-hover-","17":"first","18":"instock","19":"shipping-taxable","20":"purchasable","21":"product-type-variable"},"jetpack_sharing_enabled":true,"_links":{"self":[{"href":"https:\/\/www.deporteseli.com\/index.php?rest_route=\/wp\/v2\/product\/35273","targetHints":{"allow":["GET"]}}],"collection":[{"href":"https:\/\/www.deporteseli.com\/index.php?rest_route=\/wp\/v2\/product"}],"about":[{"href":"https:\/\/www.deporteseli.com\/index.php?rest_route=\/wp\/v2\/types\/product"}],"wp:featuredmedia":[{"embeddable":true,"href":"https:\/\/www.deporteseli.com\/index.php?rest_route=\/wp\/v2\/media\/50002"}],"wp:attachment":[{"href":"https:\/\/www.deporteseli.com\/index.php?rest_route=%2Fwp%2Fv2%2Fmedia&parent=35273"}],"wp:term":[{"taxonomy":"product_brand","embeddable":true,"href":"https:\/\/www.deporteseli.com\/index.php?rest_route=%2Fwp%2Fv2%2Fproduct_brand&post=35273"},{"taxonomy":"product_cat","embeddable":true,"href":"https:\/\/www.deporteseli.com\/index.php?rest_route=%2Fwp%2Fv2%2Fproduct_cat&post=35273"},{"taxonomy":"product_tag","embeddable":true,"href":"https:\/\/www.deporteseli.com\/index.php?rest_route=%2Fwp%2Fv2%2Fproduct_tag&post=35273"}],"curies":[{"name":"wp","href":"https:\/\/api.w.org\/{rel}","templated":true}]}}