{"id":35271,"date":"2026-01-27T16:45:46","date_gmt":"2026-01-27T16:45:46","guid":{"rendered":"https:\/\/www.deporteseli.com\/?product=3-pares-de-calcetines-escotados-acolchados-2"},"modified":"2026-01-27T16:45:47","modified_gmt":"2026-01-27T16:45:47","slug":"3-pares-de-calcetines-escotados-acolchados-2","status":"publish","type":"product","link":"https:\/\/www.deporteseli.com\/?product=3-pares-de-calcetines-escotados-acolchados-2","title":{"rendered":"3 PARES DE CALCETINES ESCOTADOS ACOLCHADOS"},"content":{"rendered":"<p>CALCETINES DE CORTE BAJO CON ACOLCHADO DESDE EL TAL\u00d3N HASTA LA PUNTERA.  Acolchado para comodidad durante todo el d\u00eda, este tr\u00edo de calcetines de corte bajo mima los pies donde m\u00e1s lo necesitan. La tela de punto rica en algod\u00f3n tiene soporte de arco incorporado para un ajuste perfecto. La marca adidas limpia les da un aspecto deportivo.ESPECIFICACIONES  La altura del tobillo  58% algod\u00f3n \/ 40% poli\u00e9ster \/ 2% elastano  Tres pares por paquete  Amortiguaci\u00f3n desde el tal\u00f3n hasta la puntera  Costura enlazada en la puntera para una sensaci\u00f3n suave  Soporte del arco  Calcetines (A&amp;G)  Color  C\u00f3digo de producto: DZ9383                                                                                                                                                                                                                                                                                                                                                                                                                                                                                                                                                                                                                                                                                                                                                                                                                                                                                                                                                                                                                                        <\/p>\n","protected":false},"excerpt":{"rendered":"<p>3 PARES DE CALCETINES ESCOTADOS ACOLCHADOS<\/p>\n","protected":false},"featured_media":50001,"template":"","meta":[],"product_brand":[],"product_cat":[400],"product_tag":[18],"class_list":{"0":"post-35271","1":"product","2":"type-product","3":"status-publish","4":"has-post-thumbnail","6":"product_cat-accesorios_calcetines","7":"product_tag-adidas","8":"pa_color-unico","9":"pa_talla-43-46","10":"thunk-woo-product-list","11":"opn-qv-enable","12":"open-woo-hover-","13":"open-single-product-tab-horizontal","14":"open-shadow-","15":"open-shadow-hover-","17":"first","18":"instock","19":"shipping-taxable","20":"purchasable","21":"product-type-variable"},"jetpack_sharing_enabled":true,"_links":{"self":[{"href":"https:\/\/www.deporteseli.com\/index.php?rest_route=\/wp\/v2\/product\/35271","targetHints":{"allow":["GET"]}}],"collection":[{"href":"https:\/\/www.deporteseli.com\/index.php?rest_route=\/wp\/v2\/product"}],"about":[{"href":"https:\/\/www.deporteseli.com\/index.php?rest_route=\/wp\/v2\/types\/product"}],"wp:featuredmedia":[{"embeddable":true,"href":"https:\/\/www.deporteseli.com\/index.php?rest_route=\/wp\/v2\/media\/50001"}],"wp:attachment":[{"href":"https:\/\/www.deporteseli.com\/index.php?rest_route=%2Fwp%2Fv2%2Fmedia&parent=35271"}],"wp:term":[{"taxonomy":"product_brand","embeddable":true,"href":"https:\/\/www.deporteseli.com\/index.php?rest_route=%2Fwp%2Fv2%2Fproduct_brand&post=35271"},{"taxonomy":"product_cat","embeddable":true,"href":"https:\/\/www.deporteseli.com\/index.php?rest_route=%2Fwp%2Fv2%2Fproduct_cat&post=35271"},{"taxonomy":"product_tag","embeddable":true,"href":"https:\/\/www.deporteseli.com\/index.php?rest_route=%2Fwp%2Fv2%2Fproduct_tag&post=35271"}],"curies":[{"name":"wp","href":"https:\/\/api.w.org\/{rel}","templated":true}]}}