{"id":35264,"date":"2026-01-27T16:45:39","date_gmt":"2026-01-27T16:45:39","guid":{"rendered":"https:\/\/www.deporteseli.com\/?product=calcetines-escotados-3-pares-2"},"modified":"2026-01-27T16:45:41","modified_gmt":"2026-01-27T16:45:41","slug":"calcetines-escotados-3-pares-2","status":"publish","type":"product","link":"https:\/\/www.deporteseli.com\/?product=calcetines-escotados-3-pares-2","title":{"rendered":"CALCETINES ESCOTADOS 3 PARES"},"content":{"rendered":"<p>UN PAQUETE DE TRES CALCETINES CASUALES DE CORTE BAJO PARA COMBINAR CON TUS ZAPATILLAS FAVORITAS.  Dise\u00f1ado para la comodidad diaria, este tr\u00edo de calcetines de corte bajo tiene una sensaci\u00f3n delgada y liviana. El dise\u00f1o algodonoso tiene un soporte de arco incorporado para un ajuste que se mantiene en su lugar. Est\u00e1n terminados con un logo de adidas justo debajo del pu\u00f1o de canal\u00e9.  ESPECIFICACIONES  La altura del tobillo  49% poli\u00e9ster \/ 48% algod\u00f3n \/ 3% elastano  Tres pares por paquete  Delgado y ligero  Costura enlazada en la puntera para una sensaci\u00f3n suave  Soporte del arco  Calcetines (A&amp;G)  Color del art\u00edculo: Real Magenta \/ Black \/ White  C\u00f3digo de producto: DZ9403                                                                                                                                                                                                                                                                                                                                                                                                                                                                                                                                                                                                                                                                                                                                                                                                                                                                                                                                                                                                                                        <\/p>\n","protected":false},"excerpt":{"rendered":"<p>CALCETINES ESCOTADOS 3 PARES<\/p>\n","protected":false},"featured_media":49996,"template":"","meta":[],"product_brand":[],"product_cat":[400],"product_tag":[18],"class_list":{"0":"post-35264","1":"product","2":"type-product","3":"status-publish","4":"has-post-thumbnail","6":"product_cat-accesorios_calcetines","7":"product_tag-adidas","8":"pa_color-unico","9":"pa_talla-39-42","10":"pa_talla-43-46","11":"thunk-woo-product-list","12":"opn-qv-enable","13":"open-woo-hover-","14":"open-single-product-tab-horizontal","15":"open-shadow-","16":"open-shadow-hover-","18":"first","19":"instock","20":"shipping-taxable","21":"purchasable","22":"product-type-variable"},"jetpack_sharing_enabled":true,"_links":{"self":[{"href":"https:\/\/www.deporteseli.com\/index.php?rest_route=\/wp\/v2\/product\/35264","targetHints":{"allow":["GET"]}}],"collection":[{"href":"https:\/\/www.deporteseli.com\/index.php?rest_route=\/wp\/v2\/product"}],"about":[{"href":"https:\/\/www.deporteseli.com\/index.php?rest_route=\/wp\/v2\/types\/product"}],"wp:featuredmedia":[{"embeddable":true,"href":"https:\/\/www.deporteseli.com\/index.php?rest_route=\/wp\/v2\/media\/49996"}],"wp:attachment":[{"href":"https:\/\/www.deporteseli.com\/index.php?rest_route=%2Fwp%2Fv2%2Fmedia&parent=35264"}],"wp:term":[{"taxonomy":"product_brand","embeddable":true,"href":"https:\/\/www.deporteseli.com\/index.php?rest_route=%2Fwp%2Fv2%2Fproduct_brand&post=35264"},{"taxonomy":"product_cat","embeddable":true,"href":"https:\/\/www.deporteseli.com\/index.php?rest_route=%2Fwp%2Fv2%2Fproduct_cat&post=35264"},{"taxonomy":"product_tag","embeddable":true,"href":"https:\/\/www.deporteseli.com\/index.php?rest_route=%2Fwp%2Fv2%2Fproduct_tag&post=35264"}],"curies":[{"name":"wp","href":"https:\/\/api.w.org\/{rel}","templated":true}]}}