{"id":35259,"date":"2026-01-27T16:45:33","date_gmt":"2026-01-27T16:45:33","guid":{"rendered":"https:\/\/www.deporteseli.com\/?product=calcetines-tobilleros-acolchados-3-pares-uni"},"modified":"2026-01-27T16:45:36","modified_gmt":"2026-01-27T16:45:36","slug":"calcetines-tobilleros-acolchados-3-pares-uni","status":"publish","type":"product","link":"https:\/\/www.deporteseli.com\/?product=calcetines-tobilleros-acolchados-3-pares-uni","title":{"rendered":"CALCETINES TOBILLEROS ACOLCHADOS 3 PARES (UNI"},"content":{"rendered":"<p>CALCETINES TOBILLEROS CON PLANTA DE PIE ACOLCHADA  Este tr\u00edo de calcetines cortos incorpora un panel acolchado en la planta que te ofrecen toda la comodidad que buscas de la ma\u00f1ana a la noche. Su tejido de punto incorpora un refuerzo en el arco que proporciona mayor sujeci\u00f3n y ajuste. El logotipo de adidas en el empeine te garantiza un estilo deportivo aut\u00e9ntico.  DETALLES  Largo al tobillo  58% algod\u00f3n \/ 40% poli\u00e9ster \/ 2% elastano  Tres pares por paquete  Planta del pie acolchada  Costura anat\u00f3mica en la punta para una mayor comodidad  Refuerzo en el arco plantar  Color del art\u00edculo: Real Magenta \/ Black \/ White  N\u00famero de art\u00edculo: DZ9386                                                                                                                                                                                                                                                                                                                                                                                                                                                                                                                                                                                                                                                                                                                                                                                                                                                                                                                                                                                                                                        <\/p>\n","protected":false},"excerpt":{"rendered":"<p>CALCETINES TOBILLEROS ACOLCHADOS 3 PARES (UNI<\/p>\n","protected":false},"featured_media":49992,"template":"","meta":[],"product_brand":[],"product_cat":[400],"product_tag":[18],"class_list":{"0":"post-35259","1":"product","2":"type-product","3":"status-publish","4":"has-post-thumbnail","6":"product_cat-accesorios_calcetines","7":"product_tag-adidas","8":"pa_color-unico","9":"pa_talla-39-42","10":"pa_talla-43-46","11":"thunk-woo-product-list","12":"opn-qv-enable","13":"open-woo-hover-","14":"open-single-product-tab-horizontal","15":"open-shadow-","16":"open-shadow-hover-","18":"first","19":"instock","20":"shipping-taxable","21":"purchasable","22":"product-type-variable"},"jetpack_sharing_enabled":true,"_links":{"self":[{"href":"https:\/\/www.deporteseli.com\/index.php?rest_route=\/wp\/v2\/product\/35259","targetHints":{"allow":["GET"]}}],"collection":[{"href":"https:\/\/www.deporteseli.com\/index.php?rest_route=\/wp\/v2\/product"}],"about":[{"href":"https:\/\/www.deporteseli.com\/index.php?rest_route=\/wp\/v2\/types\/product"}],"wp:featuredmedia":[{"embeddable":true,"href":"https:\/\/www.deporteseli.com\/index.php?rest_route=\/wp\/v2\/media\/49992"}],"wp:attachment":[{"href":"https:\/\/www.deporteseli.com\/index.php?rest_route=%2Fwp%2Fv2%2Fmedia&parent=35259"}],"wp:term":[{"taxonomy":"product_brand","embeddable":true,"href":"https:\/\/www.deporteseli.com\/index.php?rest_route=%2Fwp%2Fv2%2Fproduct_brand&post=35259"},{"taxonomy":"product_cat","embeddable":true,"href":"https:\/\/www.deporteseli.com\/index.php?rest_route=%2Fwp%2Fv2%2Fproduct_cat&post=35259"},{"taxonomy":"product_tag","embeddable":true,"href":"https:\/\/www.deporteseli.com\/index.php?rest_route=%2Fwp%2Fv2%2Fproduct_tag&post=35259"}],"curies":[{"name":"wp","href":"https:\/\/api.w.org\/{rel}","templated":true}]}}