{"id":35257,"date":"2026-01-27T16:45:31","date_gmt":"2026-01-27T16:45:31","guid":{"rendered":"https:\/\/www.deporteseli.com\/?product=mallas-largas-alphaskin-2-0-sport"},"modified":"2026-01-27T16:45:32","modified_gmt":"2026-01-27T16:45:32","slug":"mallas-largas-alphaskin-2-0-sport","status":"publish","type":"product","link":"https:\/\/www.deporteseli.com\/?product=mallas-largas-alphaskin-2-0-sport","title":{"rendered":"MALLAS LARGAS ALPHASKIN 2.0 SPORT"},"content":{"rendered":"<p>MALLAS CON AJUSTE DE COMPRESI\u00d3N PARA ENTRENAMIENTOS EXIGENTES.  Desde dominadas con un chaleco de pesas hasta sentadillas pesadas, te esfuerzas mucho en el gimnasio. Estas mallas de entrenamiento adidas est\u00e1n dise\u00f1adas para brindar soporte para los entrenamientos m\u00e1s duros. Est\u00e1n hechos de tela que te mantiene seco cuando tu entrenamiento se calienta. El ajuste de compresi\u00f3n abraza tus m\u00fasculos para brindar una sensaci\u00f3n de sujeci\u00f3n.  ESPECIFICACIONES  Ajuste de compresi\u00f3n  Cintura el\u00e1stica  79% poli\u00e9ster reciclado, 21% interlock de elastano  Mallas de entrenamiento largas  AEROREADY absorbente de humedad  Alphaskin de ajuste adaptable  Poligiene antiolor  Importado  Color del producto: negro.  C\u00f3digo de producto: GC8252                                                                                                                                                                                                                                                                                                                                                                                                                                                                                                                                                                                                                                                                                                                                                                                                                                                                                                                                                                                                                                        <\/p>\n","protected":false},"excerpt":{"rendered":"<p>MALLAS LARGAS ALPHASKIN 2.0 SPORT<\/p>\n","protected":false},"featured_media":49988,"template":"","meta":[],"product_brand":[],"product_cat":[252],"product_tag":[18],"class_list":{"0":"post-35257","1":"product","2":"type-product","3":"status-publish","4":"has-post-thumbnail","6":"product_cat-hombre_textil_pantalones","7":"product_tag-adidas","8":"pa_color-unico","9":"pa_talla-xs","10":"thunk-woo-product-list","11":"opn-qv-enable","12":"open-woo-hover-","13":"open-single-product-tab-horizontal","14":"open-shadow-","15":"open-shadow-hover-","17":"first","18":"instock","19":"shipping-taxable","20":"purchasable","21":"product-type-variable"},"jetpack_sharing_enabled":true,"_links":{"self":[{"href":"https:\/\/www.deporteseli.com\/index.php?rest_route=\/wp\/v2\/product\/35257","targetHints":{"allow":["GET"]}}],"collection":[{"href":"https:\/\/www.deporteseli.com\/index.php?rest_route=\/wp\/v2\/product"}],"about":[{"href":"https:\/\/www.deporteseli.com\/index.php?rest_route=\/wp\/v2\/types\/product"}],"wp:featuredmedia":[{"embeddable":true,"href":"https:\/\/www.deporteseli.com\/index.php?rest_route=\/wp\/v2\/media\/49988"}],"wp:attachment":[{"href":"https:\/\/www.deporteseli.com\/index.php?rest_route=%2Fwp%2Fv2%2Fmedia&parent=35257"}],"wp:term":[{"taxonomy":"product_brand","embeddable":true,"href":"https:\/\/www.deporteseli.com\/index.php?rest_route=%2Fwp%2Fv2%2Fproduct_brand&post=35257"},{"taxonomy":"product_cat","embeddable":true,"href":"https:\/\/www.deporteseli.com\/index.php?rest_route=%2Fwp%2Fv2%2Fproduct_cat&post=35257"},{"taxonomy":"product_tag","embeddable":true,"href":"https:\/\/www.deporteseli.com\/index.php?rest_route=%2Fwp%2Fv2%2Fproduct_tag&post=35257"}],"curies":[{"name":"wp","href":"https:\/\/api.w.org\/{rel}","templated":true}]}}