{"id":35255,"date":"2026-01-27T16:45:28","date_gmt":"2026-01-27T16:45:28","guid":{"rendered":"https:\/\/www.deporteseli.com\/?product=calcetines-deportivos-adidas"},"modified":"2026-01-27T16:45:29","modified_gmt":"2026-01-27T16:45:29","slug":"calcetines-deportivos-adidas","status":"publish","type":"product","link":"https:\/\/www.deporteseli.com\/?product=calcetines-deportivos-adidas","title":{"rendered":"CALCETINES DEPORTIVOS ADIDAS"},"content":{"rendered":"<p>Calcetines deportivos unisex adidas de ocio.  La marca adidas tambi\u00e9n se ha centrado en calcetines unisex c\u00f3modos, que puedes usar para diversas actividades deportivas. Los calcetines deportivos adidas Nc Low Cut 3Pp est\u00e1n hechos de un funcional material de algod\u00f3n. Gracias a su elasticidad, se ajustan bien al pie y no resbalan. Puedes usar calcetines blancos para el entrenamiento diario y tambi\u00e9n los agradecer\u00e1s como ropa casual.  Material: 73% algod\u00f3n \/ 22% poli\u00e9ster \/ 3% poliamida \/ 2% elastano  Color blanco.                                                                                                                                                                                                                                                                                                                                                                                                                                                                                                                                                                                                                                                                                                                                                                                                                                                                                                                                                                                                                                        <\/p>\n","protected":false},"excerpt":{"rendered":"<p>CALCETINES DEPORTIVOS ADIDAS<\/p>\n","protected":false},"featured_media":49986,"template":"","meta":[],"product_brand":[],"product_cat":[400],"product_tag":[18],"class_list":{"0":"post-35255","1":"product","2":"type-product","3":"status-publish","4":"has-post-thumbnail","6":"product_cat-accesorios_calcetines","7":"product_tag-adidas","8":"pa_color-unico","9":"pa_talla-39-42","10":"thunk-woo-product-list","11":"opn-qv-enable","12":"open-woo-hover-","13":"open-single-product-tab-horizontal","14":"open-shadow-","15":"open-shadow-hover-","17":"first","18":"instock","19":"shipping-taxable","20":"purchasable","21":"product-type-variable"},"jetpack_sharing_enabled":true,"_links":{"self":[{"href":"https:\/\/www.deporteseli.com\/index.php?rest_route=\/wp\/v2\/product\/35255","targetHints":{"allow":["GET"]}}],"collection":[{"href":"https:\/\/www.deporteseli.com\/index.php?rest_route=\/wp\/v2\/product"}],"about":[{"href":"https:\/\/www.deporteseli.com\/index.php?rest_route=\/wp\/v2\/types\/product"}],"wp:featuredmedia":[{"embeddable":true,"href":"https:\/\/www.deporteseli.com\/index.php?rest_route=\/wp\/v2\/media\/49986"}],"wp:attachment":[{"href":"https:\/\/www.deporteseli.com\/index.php?rest_route=%2Fwp%2Fv2%2Fmedia&parent=35255"}],"wp:term":[{"taxonomy":"product_brand","embeddable":true,"href":"https:\/\/www.deporteseli.com\/index.php?rest_route=%2Fwp%2Fv2%2Fproduct_brand&post=35255"},{"taxonomy":"product_cat","embeddable":true,"href":"https:\/\/www.deporteseli.com\/index.php?rest_route=%2Fwp%2Fv2%2Fproduct_cat&post=35255"},{"taxonomy":"product_tag","embeddable":true,"href":"https:\/\/www.deporteseli.com\/index.php?rest_route=%2Fwp%2Fv2%2Fproduct_tag&post=35255"}],"curies":[{"name":"wp","href":"https:\/\/api.w.org\/{rel}","templated":true}]}}