{"id":35249,"date":"2026-01-27T16:45:22","date_gmt":"2026-01-27T16:45:22","guid":{"rendered":"https:\/\/www.deporteseli.com\/?product=adidas-3-stripes-short-junior"},"modified":"2026-01-27T16:45:24","modified_gmt":"2026-01-27T16:45:24","slug":"adidas-3-stripes-short-junior","status":"publish","type":"product","link":"https:\/\/www.deporteseli.com\/?product=adidas-3-stripes-short-junior","title":{"rendered":"ADIDAS 3-STRIPES SHORT JUNIOR"},"content":{"rendered":"<p>Estos pantalones cortos  est\u00e1n dise\u00f1ados para sobresalir en el campo. Est\u00e1n confeccionados con tela suave para brindar comodidad de silbato a silbato. Est\u00e1n terminados con 3 bandas flotantes a los lados.                                                                                                                                                                                                                                                                                                                                                                                                                                                                                                                                                                                                                                                                                                                                                                                                                                                                                                                                                                                                                                        <\/p>\n","protected":false},"excerpt":{"rendered":"<p>ADIDAS 3-STRIPES SHORT JUNIOR<\/p>\n","protected":false},"featured_media":49982,"template":"","meta":[],"product_brand":[],"product_cat":[300],"product_tag":[18],"class_list":{"0":"post-35249","1":"product","2":"type-product","3":"status-publish","4":"has-post-thumbnail","6":"product_cat-nino_textil_shorts","7":"product_tag-adidas","8":"pa_color-unico","9":"pa_talla-t-10","10":"pa_talla-t-12","11":"thunk-woo-product-list","12":"opn-qv-enable","13":"open-woo-hover-","14":"open-single-product-tab-horizontal","15":"open-shadow-","16":"open-shadow-hover-","18":"first","19":"instock","20":"shipping-taxable","21":"purchasable","22":"product-type-variable"},"jetpack_sharing_enabled":true,"_links":{"self":[{"href":"https:\/\/www.deporteseli.com\/index.php?rest_route=\/wp\/v2\/product\/35249","targetHints":{"allow":["GET"]}}],"collection":[{"href":"https:\/\/www.deporteseli.com\/index.php?rest_route=\/wp\/v2\/product"}],"about":[{"href":"https:\/\/www.deporteseli.com\/index.php?rest_route=\/wp\/v2\/types\/product"}],"wp:featuredmedia":[{"embeddable":true,"href":"https:\/\/www.deporteseli.com\/index.php?rest_route=\/wp\/v2\/media\/49982"}],"wp:attachment":[{"href":"https:\/\/www.deporteseli.com\/index.php?rest_route=%2Fwp%2Fv2%2Fmedia&parent=35249"}],"wp:term":[{"taxonomy":"product_brand","embeddable":true,"href":"https:\/\/www.deporteseli.com\/index.php?rest_route=%2Fwp%2Fv2%2Fproduct_brand&post=35249"},{"taxonomy":"product_cat","embeddable":true,"href":"https:\/\/www.deporteseli.com\/index.php?rest_route=%2Fwp%2Fv2%2Fproduct_cat&post=35249"},{"taxonomy":"product_tag","embeddable":true,"href":"https:\/\/www.deporteseli.com\/index.php?rest_route=%2Fwp%2Fv2%2Fproduct_tag&post=35249"}],"curies":[{"name":"wp","href":"https:\/\/api.w.org\/{rel}","templated":true}]}}