{"id":35247,"date":"2026-01-27T16:45:19","date_gmt":"2026-01-27T16:45:19","guid":{"rendered":"https:\/\/www.deporteseli.com\/?product=wilson-pro-60-units"},"modified":"2026-02-16T07:42:52","modified_gmt":"2026-02-16T07:42:52","slug":"wilson-pro-60-units","status":"publish","type":"product","link":"https:\/\/www.deporteseli.com\/?product=wilson-pro-60-units","title":{"rendered":"WILSON PRO 60 UNITS"},"content":{"rendered":"<p>Descripci\u00f3n Wilson Pro 60 Units  Sensibilidad perfecta usado por los mejores jugadores del mundo &#8211; Federer, Serena Williams    No esperes m\u00e1s y adquiere Wilson Pro 60 Units con las mejores condiciones de env\u00edo y al mejor precio. Adem\u00e1s en smashinn tienes a tu disposici\u00f3n otros art\u00edculos de Over-grips de la categor\u00eda Raquetas que pueden complementar tu compra. Adquiere Wilson Pro 60 Units y rec\u00edbelo cuanto antes en casa. Sus dimensiones en su caja original son 3x10x10 cm. y pesa 0.41 kg.                                                                                                                                                                                                                                                                                                                                                                                                                                                                                                                                                                                                                                                                                                                                                                                                                                                                                                                                                                                                                                        <\/p>\n","protected":false},"excerpt":{"rendered":"<p>WILSON PRO 60 UNITS<\/p>\n","protected":false},"featured_media":49981,"template":"","meta":[],"product_brand":[],"product_cat":[357],"product_tag":[57],"class_list":{"0":"post-35247","1":"product","2":"type-product","3":"status-publish","4":"has-post-thumbnail","6":"product_cat-padel_y_tenis_overgrip","7":"product_tag-wilson","8":"pa_color-unico","9":"pa_talla-unica","10":"thunk-woo-product-list","11":"opn-qv-enable","12":"open-woo-hover-","13":"open-single-product-tab-horizontal","14":"open-shadow-","15":"open-shadow-hover-","17":"first","18":"instock","19":"sale","20":"shipping-taxable","21":"purchasable","22":"product-type-variable"},"jetpack_sharing_enabled":true,"_links":{"self":[{"href":"https:\/\/www.deporteseli.com\/index.php?rest_route=\/wp\/v2\/product\/35247","targetHints":{"allow":["GET"]}}],"collection":[{"href":"https:\/\/www.deporteseli.com\/index.php?rest_route=\/wp\/v2\/product"}],"about":[{"href":"https:\/\/www.deporteseli.com\/index.php?rest_route=\/wp\/v2\/types\/product"}],"wp:featuredmedia":[{"embeddable":true,"href":"https:\/\/www.deporteseli.com\/index.php?rest_route=\/wp\/v2\/media\/49981"}],"wp:attachment":[{"href":"https:\/\/www.deporteseli.com\/index.php?rest_route=%2Fwp%2Fv2%2Fmedia&parent=35247"}],"wp:term":[{"taxonomy":"product_brand","embeddable":true,"href":"https:\/\/www.deporteseli.com\/index.php?rest_route=%2Fwp%2Fv2%2Fproduct_brand&post=35247"},{"taxonomy":"product_cat","embeddable":true,"href":"https:\/\/www.deporteseli.com\/index.php?rest_route=%2Fwp%2Fv2%2Fproduct_cat&post=35247"},{"taxonomy":"product_tag","embeddable":true,"href":"https:\/\/www.deporteseli.com\/index.php?rest_route=%2Fwp%2Fv2%2Fproduct_tag&post=35247"}],"curies":[{"name":"wp","href":"https:\/\/api.w.org\/{rel}","templated":true}]}}