{"id":35245,"date":"2026-01-27T16:45:17","date_gmt":"2026-01-27T16:45:17","guid":{"rendered":"https:\/\/www.deporteseli.com\/?product=munequera-de-tenis-pequena"},"modified":"2026-01-27T16:45:19","modified_gmt":"2026-01-27T16:45:19","slug":"munequera-de-tenis-pequena","status":"publish","type":"product","link":"https:\/\/www.deporteseli.com\/?product=munequera-de-tenis-pequena","title":{"rendered":"MU\u00f1EQUERA DE TENIS PEQUE\u00f1A"},"content":{"rendered":"<p>UNA PULSERA DE TENIS DISE\u00d1ADA PARA LIMPIAR EL SUDOR.  Mant\u00e9ngase enfocado en el siguiente punto. Esta mu\u00f1equera de tenis adidas te mantiene concentrado en cada golpe. Limpia el sudor de tus ojos mientras lo sirves sin distracciones.  ESPECIFICACIONES  Ancho: 7 cm  Longitud plana: 8,5 cm  Algod\u00f3n, poliacr\u00edlicos, poli\u00e9ster, elastodieno  Pulseras de tenis  Una talla le queda a la mayor\u00eda  Insignia de deporte adidas bordada  Calcetines  Color  C\u00f3digo de producto: GH4510                                                                                                                                                                                                                                                                                                                                                                                                                                                                                                                                                                                                                                                                                                                                                                                                                                                                                                                                                                                                                                        <\/p>\n","protected":false},"excerpt":{"rendered":"<p>MU\u00f1EQUERA DE TENIS PEQUE\u00f1A<\/p>\n","protected":false},"featured_media":49976,"template":"","meta":[],"product_brand":[],"product_cat":[425],"product_tag":[18],"class_list":{"0":"post-35245","1":"product","2":"type-product","3":"status-publish","4":"has-post-thumbnail","6":"product_cat-accesorios_varios","7":"product_tag-adidas","8":"pa_color-unico","9":"pa_talla-unica","10":"thunk-woo-product-list","11":"opn-qv-enable","12":"open-woo-hover-","13":"open-single-product-tab-horizontal","14":"open-shadow-","15":"open-shadow-hover-","17":"first","18":"instock","19":"shipping-taxable","20":"purchasable","21":"product-type-variable"},"jetpack_sharing_enabled":true,"_links":{"self":[{"href":"https:\/\/www.deporteseli.com\/index.php?rest_route=\/wp\/v2\/product\/35245","targetHints":{"allow":["GET"]}}],"collection":[{"href":"https:\/\/www.deporteseli.com\/index.php?rest_route=\/wp\/v2\/product"}],"about":[{"href":"https:\/\/www.deporteseli.com\/index.php?rest_route=\/wp\/v2\/types\/product"}],"wp:featuredmedia":[{"embeddable":true,"href":"https:\/\/www.deporteseli.com\/index.php?rest_route=\/wp\/v2\/media\/49976"}],"wp:attachment":[{"href":"https:\/\/www.deporteseli.com\/index.php?rest_route=%2Fwp%2Fv2%2Fmedia&parent=35245"}],"wp:term":[{"taxonomy":"product_brand","embeddable":true,"href":"https:\/\/www.deporteseli.com\/index.php?rest_route=%2Fwp%2Fv2%2Fproduct_brand&post=35245"},{"taxonomy":"product_cat","embeddable":true,"href":"https:\/\/www.deporteseli.com\/index.php?rest_route=%2Fwp%2Fv2%2Fproduct_cat&post=35245"},{"taxonomy":"product_tag","embeddable":true,"href":"https:\/\/www.deporteseli.com\/index.php?rest_route=%2Fwp%2Fv2%2Fproduct_tag&post=35245"}],"curies":[{"name":"wp","href":"https:\/\/api.w.org\/{rel}","templated":true}]}}