{"id":35242,"date":"2026-01-27T16:45:13","date_gmt":"2026-01-27T16:45:13","guid":{"rendered":"https:\/\/www.deporteseli.com\/?product=camiseta-workout-ready-supremium-detail"},"modified":"2026-01-27T16:45:16","modified_gmt":"2026-01-27T16:45:16","slug":"camiseta-workout-ready-supremium-detail","status":"publish","type":"product","link":"https:\/\/www.deporteseli.com\/?product=camiseta-workout-ready-supremium-detail","title":{"rendered":"CAMISETA WORKOUT READY SUPREMIUM DETAIL"},"content":{"rendered":"<p>UNA CAMISETA QUE REPELE EL SUDOR PARA ENTRENAR A DIARIO.  Dise\u00f1ada para enfrentarte a tus clases de spinning o sesiones de HIIT, esta camiseta para mujer te mantiene fresca y seca. Est\u00e1 hecha de un tejido que repele la humedad y viene con un corte holgado con una ranura en el dobladillo posterior para mayor libertad de movimiento.  DETALLES  Punto liso, 65 % poli\u00e9ster \/ 35 % viscosa.  Ideal para: cualquier tipo de entrenamiento.  Corte holgado.  La tecnolog\u00eda Speedwick dispersa el sudor manteniendo tu piel fresca y seca.  Tejido Supremium para m\u00e1s ligereza y confort.  Cuello redondo con canal\u00e9.  Ranura en el dobladillo posterior.  Color del art\u00edculo: Proud Pink  N\u00famero de art\u00edculo: FU2307                                                                                                                                                                                                                                                                                                                                                                                                                                                                                                                                                                                                                                                                                                                                                                                                                                                                                                                                                                                                                                        <\/p>\n","protected":false},"excerpt":{"rendered":"<p>CAMISETA WORKOUT READY SUPREMIUM DETAIL<\/p>\n","protected":false},"featured_media":49972,"template":"","meta":[],"product_brand":[],"product_cat":[269],"product_tag":[41],"class_list":{"0":"post-35242","1":"product","2":"type-product","3":"status-publish","4":"has-post-thumbnail","6":"product_cat-mujer_textil_camisetas","7":"product_tag-reebok","8":"pa_color-unico","9":"pa_talla-l","10":"pa_talla-m","11":"thunk-woo-product-list","12":"opn-qv-enable","13":"open-woo-hover-","14":"open-single-product-tab-horizontal","15":"open-shadow-","16":"open-shadow-hover-","18":"first","19":"instock","20":"shipping-taxable","21":"purchasable","22":"product-type-variable"},"jetpack_sharing_enabled":true,"_links":{"self":[{"href":"https:\/\/www.deporteseli.com\/index.php?rest_route=\/wp\/v2\/product\/35242","targetHints":{"allow":["GET"]}}],"collection":[{"href":"https:\/\/www.deporteseli.com\/index.php?rest_route=\/wp\/v2\/product"}],"about":[{"href":"https:\/\/www.deporteseli.com\/index.php?rest_route=\/wp\/v2\/types\/product"}],"wp:featuredmedia":[{"embeddable":true,"href":"https:\/\/www.deporteseli.com\/index.php?rest_route=\/wp\/v2\/media\/49972"}],"wp:attachment":[{"href":"https:\/\/www.deporteseli.com\/index.php?rest_route=%2Fwp%2Fv2%2Fmedia&parent=35242"}],"wp:term":[{"taxonomy":"product_brand","embeddable":true,"href":"https:\/\/www.deporteseli.com\/index.php?rest_route=%2Fwp%2Fv2%2Fproduct_brand&post=35242"},{"taxonomy":"product_cat","embeddable":true,"href":"https:\/\/www.deporteseli.com\/index.php?rest_route=%2Fwp%2Fv2%2Fproduct_cat&post=35242"},{"taxonomy":"product_tag","embeddable":true,"href":"https:\/\/www.deporteseli.com\/index.php?rest_route=%2Fwp%2Fv2%2Fproduct_tag&post=35242"}],"curies":[{"name":"wp","href":"https:\/\/api.w.org\/{rel}","templated":true}]}}