{"id":35238,"date":"2026-01-27T16:45:09","date_gmt":"2026-01-27T16:45:09","guid":{"rendered":"https:\/\/www.deporteseli.com\/?product=calcetines-hc-3-pares"},"modified":"2026-03-28T05:22:17","modified_gmt":"2026-03-28T05:22:17","slug":"calcetines-hc-3-pares","status":"publish","type":"product","link":"https:\/\/www.deporteseli.com\/?product=calcetines-hc-3-pares","title":{"rendered":"CALCETINES  HC 3 PARES"},"content":{"rendered":"<p>CALCETINES HASTA LOS  CON LA MARCA ADIDAS EN LA PARTE SUPERIOR.  Cuida tus pies con estos calcetines vers\u00e1tiles. Hechas de una mezcla el\u00e1stica de algod\u00f3n y poli\u00e9ster, est\u00e1n dise\u00f1adas para abrazar tus pies y brindar un ajuste antideslizante. Estos calcetines tobilleros tienen la marca adidas en la parte superior.  ESPECIFICACIONES  La altura del tobillo  66% algod\u00f3n \/ 24% nailon \/ 8% poli\u00e9ster \/ 2% elastano  Tres pares por paquete  Calcetines (A&amp;G)  Color  C\u00f3digo de producto: FJ7717                                                                                                                                                                                                                                                                                                                                                                                                                                                                                                                                                                                                                                                                                                                                                                                                                                                                                                                                                                                                                                        <\/p>\n","protected":false},"excerpt":{"rendered":"<p>CALCETINES  HC 3 PARES<\/p>\n","protected":false},"featured_media":49966,"template":"","meta":[],"product_brand":[],"product_cat":[400],"product_tag":[18],"class_list":{"0":"post-35238","1":"product","2":"type-product","3":"status-publish","4":"has-post-thumbnail","6":"product_cat-accesorios_calcetines","7":"product_tag-adidas","8":"pa_color-unico","9":"pa_talla-35-38","10":"pa_talla-43-46","11":"thunk-woo-product-list","12":"opn-qv-enable","13":"open-woo-hover-","14":"open-single-product-tab-horizontal","15":"open-shadow-","16":"open-shadow-hover-","18":"first","19":"instock","20":"shipping-taxable","21":"purchasable","22":"product-type-variable"},"jetpack_sharing_enabled":true,"_links":{"self":[{"href":"https:\/\/www.deporteseli.com\/index.php?rest_route=\/wp\/v2\/product\/35238","targetHints":{"allow":["GET"]}}],"collection":[{"href":"https:\/\/www.deporteseli.com\/index.php?rest_route=\/wp\/v2\/product"}],"about":[{"href":"https:\/\/www.deporteseli.com\/index.php?rest_route=\/wp\/v2\/types\/product"}],"wp:featuredmedia":[{"embeddable":true,"href":"https:\/\/www.deporteseli.com\/index.php?rest_route=\/wp\/v2\/media\/49966"}],"wp:attachment":[{"href":"https:\/\/www.deporteseli.com\/index.php?rest_route=%2Fwp%2Fv2%2Fmedia&parent=35238"}],"wp:term":[{"taxonomy":"product_brand","embeddable":true,"href":"https:\/\/www.deporteseli.com\/index.php?rest_route=%2Fwp%2Fv2%2Fproduct_brand&post=35238"},{"taxonomy":"product_cat","embeddable":true,"href":"https:\/\/www.deporteseli.com\/index.php?rest_route=%2Fwp%2Fv2%2Fproduct_cat&post=35238"},{"taxonomy":"product_tag","embeddable":true,"href":"https:\/\/www.deporteseli.com\/index.php?rest_route=%2Fwp%2Fv2%2Fproduct_tag&post=35238"}],"curies":[{"name":"wp","href":"https:\/\/api.w.org\/{rel}","templated":true}]}}