{"id":35218,"date":"2026-01-27T16:44:45","date_gmt":"2026-01-27T16:44:45","guid":{"rendered":"https:\/\/www.deporteseli.com\/?product=sudadera-adidas-bos-hoops"},"modified":"2026-01-27T16:44:47","modified_gmt":"2026-01-27T16:44:47","slug":"sudadera-adidas-bos-hoops","status":"publish","type":"product","link":"https:\/\/www.deporteseli.com\/?product=sudadera-adidas-bos-hoops","title":{"rendered":"SUDADERA ADIDAS BOS HOOPS"},"content":{"rendered":"<p>El fr\u00edo no te impide seguir perfeccionando los lanzamientos a canasta. Esta sudadera de baloncesto se ha confeccionado en un tejido de felpa c\u00e1lido y suave al tacto y luce un gran logotipo de adidas en el pecho. La capucha te permite concentrarte y demostrarles a todos de lo que eres capaz en la cancha.    Sudadera con capucha  Estampado serigrafiado  Bolsillo canguro  Capucha con cord\u00f3n ajustable  77% Algod\u00f3n\/23% rec polyester  Color del art\u00edculo: White  N\u00famero de art\u00edculo: GE4515                                                                                                                                                                                                                                                                                                                                                                                                                                                                                                                                                                                                                                                                                                                                                                                                                                                                                                                                                                                                                                        <\/p>\n","protected":false},"excerpt":{"rendered":"<p>SUDADERA ADIDAS BOS HOOPS<\/p>\n","protected":false},"featured_media":49956,"template":"","meta":[],"product_brand":[],"product_cat":[253],"product_tag":[18],"class_list":{"0":"post-35218","1":"product","2":"type-product","3":"status-publish","4":"has-post-thumbnail","6":"product_cat-hombre_textil_sudaderas","7":"product_tag-adidas","8":"pa_color-unico","9":"pa_talla-xl","10":"thunk-woo-product-list","11":"opn-qv-enable","12":"open-woo-hover-","13":"open-single-product-tab-horizontal","14":"open-shadow-","15":"open-shadow-hover-","17":"first","18":"instock","19":"shipping-taxable","20":"purchasable","21":"product-type-variable"},"jetpack_sharing_enabled":true,"_links":{"self":[{"href":"https:\/\/www.deporteseli.com\/index.php?rest_route=\/wp\/v2\/product\/35218","targetHints":{"allow":["GET"]}}],"collection":[{"href":"https:\/\/www.deporteseli.com\/index.php?rest_route=\/wp\/v2\/product"}],"about":[{"href":"https:\/\/www.deporteseli.com\/index.php?rest_route=\/wp\/v2\/types\/product"}],"wp:featuredmedia":[{"embeddable":true,"href":"https:\/\/www.deporteseli.com\/index.php?rest_route=\/wp\/v2\/media\/49956"}],"wp:attachment":[{"href":"https:\/\/www.deporteseli.com\/index.php?rest_route=%2Fwp%2Fv2%2Fmedia&parent=35218"}],"wp:term":[{"taxonomy":"product_brand","embeddable":true,"href":"https:\/\/www.deporteseli.com\/index.php?rest_route=%2Fwp%2Fv2%2Fproduct_brand&post=35218"},{"taxonomy":"product_cat","embeddable":true,"href":"https:\/\/www.deporteseli.com\/index.php?rest_route=%2Fwp%2Fv2%2Fproduct_cat&post=35218"},{"taxonomy":"product_tag","embeddable":true,"href":"https:\/\/www.deporteseli.com\/index.php?rest_route=%2Fwp%2Fv2%2Fproduct_tag&post=35218"}],"curies":[{"name":"wp","href":"https:\/\/api.w.org\/{rel}","templated":true}]}}