{"id":35215,"date":"2026-01-27T16:44:33","date_gmt":"2026-01-27T16:44:33","guid":{"rendered":"https:\/\/www.deporteseli.com\/?product=adidas-u-4-u-2"},"modified":"2026-01-27T16:44:43","modified_gmt":"2026-01-27T16:44:43","slug":"adidas-u-4-u-2","status":"publish","type":"product","link":"https:\/\/www.deporteseli.com\/?product=adidas-u-4-u-2","title":{"rendered":"ADIDAS U-4-U"},"content":{"rendered":"<p>Camiseta de manga larga U4U.    Necesita cobertura adicional para combatir el fr\u00edo cuando la brisa c\u00e1lida se convierte en un viento fr\u00edo.    Esta vers\u00e1til camiseta de manga larga puede ayudarte a manejar lo que sea que te depare el d\u00eda.    Se coloca f\u00e1cilmente debajo de su camiseta o sudadera con capucha favorita, y la adidas Badge of Sport tiene un estilo streetwear que combina bien con medias o denim.    CARACTERISTICAS:    Ranuras laterales.Gran impresi\u00f3n met\u00e1lica adidas Badge of Sport.    Cuello redondo acanalado.    Jersey sencillo 100% algod\u00f3n.    Sensaci\u00f3n suave    Camiseta de manga larga en capas.    Pu\u00f1os acanalados.    Composici\u00f3n del material: 100% algod\u00f3n.                                                                                                                                                                                                                                                                                                                                                                                                                                                                                                                                                                                                                                                                                                                                                                                                                                                                                                                                                                                                                                        <\/p>\n","protected":false},"excerpt":{"rendered":"<p>ADIDAS U-4-U<\/p>\n","protected":false},"featured_media":49955,"template":"","meta":[],"product_brand":[],"product_cat":[269],"product_tag":[18],"class_list":{"0":"post-35215","1":"product","2":"type-product","3":"status-publish","4":"has-post-thumbnail","6":"product_cat-mujer_textil_camisetas","7":"product_tag-adidas","8":"pa_color-unico","9":"pa_talla-l","10":"pa_talla-xs","11":"thunk-woo-product-list","12":"opn-qv-enable","13":"open-woo-hover-","14":"open-single-product-tab-horizontal","15":"open-shadow-","16":"open-shadow-hover-","18":"first","19":"instock","20":"shipping-taxable","21":"purchasable","22":"product-type-variable"},"jetpack_sharing_enabled":true,"_links":{"self":[{"href":"https:\/\/www.deporteseli.com\/index.php?rest_route=\/wp\/v2\/product\/35215","targetHints":{"allow":["GET"]}}],"collection":[{"href":"https:\/\/www.deporteseli.com\/index.php?rest_route=\/wp\/v2\/product"}],"about":[{"href":"https:\/\/www.deporteseli.com\/index.php?rest_route=\/wp\/v2\/types\/product"}],"wp:featuredmedia":[{"embeddable":true,"href":"https:\/\/www.deporteseli.com\/index.php?rest_route=\/wp\/v2\/media\/49955"}],"wp:attachment":[{"href":"https:\/\/www.deporteseli.com\/index.php?rest_route=%2Fwp%2Fv2%2Fmedia&parent=35215"}],"wp:term":[{"taxonomy":"product_brand","embeddable":true,"href":"https:\/\/www.deporteseli.com\/index.php?rest_route=%2Fwp%2Fv2%2Fproduct_brand&post=35215"},{"taxonomy":"product_cat","embeddable":true,"href":"https:\/\/www.deporteseli.com\/index.php?rest_route=%2Fwp%2Fv2%2Fproduct_cat&post=35215"},{"taxonomy":"product_tag","embeddable":true,"href":"https:\/\/www.deporteseli.com\/index.php?rest_route=%2Fwp%2Fv2%2Fproduct_tag&post=35215"}],"curies":[{"name":"wp","href":"https:\/\/api.w.org\/{rel}","templated":true}]}}