{"id":35208,"date":"2026-01-27T16:44:22","date_gmt":"2026-01-27T16:44:22","guid":{"rendered":"https:\/\/www.deporteseli.com\/?product=calcetines-adidas-light-ank-3-pares"},"modified":"2026-01-27T16:44:23","modified_gmt":"2026-01-27T16:44:23","slug":"calcetines-adidas-light-ank-3-pares","status":"publish","type":"product","link":"https:\/\/www.deporteseli.com\/?product=calcetines-adidas-light-ank-3-pares","title":{"rendered":"CALCETINES ADIDAS LIGHT ANK (3 PARES)"},"content":{"rendered":"<p>CALCETINES TOBILLEROS MUY C\u00d3MODOS EN ALGOD\u00d3N  Camina con comodidad con este tr\u00edo de calcetines tobilleros confeccionados en un tejido fino y ligero. El refuerzo tejido en el arco aporta mayor sujeci\u00f3n y la costura anat\u00f3mica en la punta te permite moverte con absoluta comodidad. El logo de adidas en el pu\u00f1o acanalado les confiere un estilo deportivo aut\u00e9ntico.  Largo al tobillo  50% algod\u00f3n \/ 47% poli\u00e9ster \/ 3% elastano  Tres pares por paquete  Tejido fino y ligero  Costura anat\u00f3mica en la punta para una mayor comodidad  Refuerzo en el arco plantar  Color del art\u00edculo: Black \/ Black \/ Black  N\u00famero de art\u00edculo: DZ9436                                                                                                                                                                                                                                                                                                                                                                                                                                                                                                                                                                                                                                                                                                                                                                                                                                                                                                                                                                                                                                        <\/p>\n","protected":false},"excerpt":{"rendered":"<p>CALCETINES ADIDAS LIGHT ANK (3 PARES)<\/p>\n","protected":false},"featured_media":49953,"template":"","meta":[],"product_brand":[],"product_cat":[400],"product_tag":[18],"class_list":{"0":"post-35208","1":"product","2":"type-product","3":"status-publish","4":"has-post-thumbnail","6":"product_cat-accesorios_calcetines","7":"product_tag-adidas","8":"pa_color-unico","9":"pa_talla-xxl","10":"thunk-woo-product-list","11":"opn-qv-enable","12":"open-woo-hover-","13":"open-single-product-tab-horizontal","14":"open-shadow-","15":"open-shadow-hover-","17":"first","18":"instock","19":"shipping-taxable","20":"purchasable","21":"product-type-variable"},"jetpack_sharing_enabled":true,"_links":{"self":[{"href":"https:\/\/www.deporteseli.com\/index.php?rest_route=\/wp\/v2\/product\/35208","targetHints":{"allow":["GET"]}}],"collection":[{"href":"https:\/\/www.deporteseli.com\/index.php?rest_route=\/wp\/v2\/product"}],"about":[{"href":"https:\/\/www.deporteseli.com\/index.php?rest_route=\/wp\/v2\/types\/product"}],"wp:featuredmedia":[{"embeddable":true,"href":"https:\/\/www.deporteseli.com\/index.php?rest_route=\/wp\/v2\/media\/49953"}],"wp:attachment":[{"href":"https:\/\/www.deporteseli.com\/index.php?rest_route=%2Fwp%2Fv2%2Fmedia&parent=35208"}],"wp:term":[{"taxonomy":"product_brand","embeddable":true,"href":"https:\/\/www.deporteseli.com\/index.php?rest_route=%2Fwp%2Fv2%2Fproduct_brand&post=35208"},{"taxonomy":"product_cat","embeddable":true,"href":"https:\/\/www.deporteseli.com\/index.php?rest_route=%2Fwp%2Fv2%2Fproduct_cat&post=35208"},{"taxonomy":"product_tag","embeddable":true,"href":"https:\/\/www.deporteseli.com\/index.php?rest_route=%2Fwp%2Fv2%2Fproduct_tag&post=35208"}],"curies":[{"name":"wp","href":"https:\/\/api.w.org\/{rel}","templated":true}]}}