{"id":35202,"date":"2026-01-27T16:44:14","date_gmt":"2026-01-27T16:44:14","guid":{"rendered":"https:\/\/www.deporteseli.com\/?product=calcetin-adidas-3-pares"},"modified":"2026-01-27T16:44:21","modified_gmt":"2026-01-27T16:44:21","slug":"calcetin-adidas-3-pares","status":"publish","type":"product","link":"https:\/\/www.deporteseli.com\/?product=calcetin-adidas-3-pares","title":{"rendered":"CALCETIN ADIDAS 3 PARES"},"content":{"rendered":"<p>Calcetines de 3 pares. Estos calcetines son ricos en algod\u00f3n, son esenciales para todos los d\u00edas y vienen en un pr\u00e1ctico paquete de tres. Son ligeros y delgados, y tienen soporte para el arco incorporado y una costura suave en los dedos para un ajuste y sensaci\u00f3n c\u00f3modos. El dise\u00f1o cl\u00e1sico de media pantorrilla est\u00e1 acentuado con un logotipo de adidas para una apariencia deportiva. Soporte del arco. 52% algod\u00f3n \/ 46% poli\u00e9ster \/ 2% elastano. Tres pares por paquete. Delgado y ligero. Costura del dedo del pie unida para una sensaci\u00f3n suave.                                                                                                                                                                                                                                                                                                                                                                                                                                                                                                                                                                                                                                                                                                                                                                                                                                                                                                                                                                                                                                        <\/p>\n","protected":false},"excerpt":{"rendered":"<p>CALCETIN ADIDAS 3 PARES<\/p>\n","protected":false},"featured_media":49952,"template":"","meta":[],"product_brand":[],"product_cat":[400],"product_tag":[18],"class_list":{"0":"post-35202","1":"product","2":"type-product","3":"status-publish","4":"has-post-thumbnail","6":"product_cat-accesorios_calcetines","7":"product_tag-adidas","8":"pa_color-unico","9":"pa_talla-35-38","10":"pa_talla-39-42","11":"pa_talla-43-46","12":"pa_talla-xl","13":"pa_talla-xxl","14":"thunk-woo-product-list","15":"opn-qv-enable","16":"open-woo-hover-","17":"open-single-product-tab-horizontal","18":"open-shadow-","19":"open-shadow-hover-","21":"first","22":"instock","23":"shipping-taxable","24":"purchasable","25":"product-type-variable"},"jetpack_sharing_enabled":true,"_links":{"self":[{"href":"https:\/\/www.deporteseli.com\/index.php?rest_route=\/wp\/v2\/product\/35202","targetHints":{"allow":["GET"]}}],"collection":[{"href":"https:\/\/www.deporteseli.com\/index.php?rest_route=\/wp\/v2\/product"}],"about":[{"href":"https:\/\/www.deporteseli.com\/index.php?rest_route=\/wp\/v2\/types\/product"}],"wp:featuredmedia":[{"embeddable":true,"href":"https:\/\/www.deporteseli.com\/index.php?rest_route=\/wp\/v2\/media\/49952"}],"wp:attachment":[{"href":"https:\/\/www.deporteseli.com\/index.php?rest_route=%2Fwp%2Fv2%2Fmedia&parent=35202"}],"wp:term":[{"taxonomy":"product_brand","embeddable":true,"href":"https:\/\/www.deporteseli.com\/index.php?rest_route=%2Fwp%2Fv2%2Fproduct_brand&post=35202"},{"taxonomy":"product_cat","embeddable":true,"href":"https:\/\/www.deporteseli.com\/index.php?rest_route=%2Fwp%2Fv2%2Fproduct_cat&post=35202"},{"taxonomy":"product_tag","embeddable":true,"href":"https:\/\/www.deporteseli.com\/index.php?rest_route=%2Fwp%2Fv2%2Fproduct_tag&post=35202"}],"curies":[{"name":"wp","href":"https:\/\/api.w.org\/{rel}","templated":true}]}}