{"id":35192,"date":"2026-01-27T16:43:57","date_gmt":"2026-01-27T16:43:57","guid":{"rendered":"https:\/\/www.deporteseli.com\/?product=espinilleras-x-20-league"},"modified":"2026-01-27T16:43:59","modified_gmt":"2026-01-27T16:43:59","slug":"espinilleras-x-20-league","status":"publish","type":"product","link":"https:\/\/www.deporteseli.com\/?product=espinilleras-x-20-league","title":{"rendered":"ESPINILLERAS X 20 LEAGUE"},"content":{"rendered":"<p>PROTECCI\u00d3N Y COMODIDAD  Tu cambio de ritmo hace estragos en la defensa rival. Estas espinilleras cuentan con placas protectoras que se adaptan al contorno natural de tus piernas. Incorporan un refuerzo de EVA perforada que favorece la ventilaci\u00f3n sin a\u00f1adir peso. Las medias de compresi\u00f3n garantizan que las espinilleras no se desplacen cuando esprintas a fondo o realizas movimientos explosivos.  DETALLES  Placa protectora 100% K-Resin\u00ae  Espinilleras de f\u00fatbol asim\u00e9tricas  Placa protectora r\u00edgida  Refuerzo de espuma de EVA perforada  Media de compresi\u00f3n para mantener la espinillera en su sitio  Color del art\u00edculo: Grey One \/ Black \/ Gold Metallic  N\u00famero de art\u00edculo: FS0304                                                                                                                                                                                                                                                                                                                                                                                                                                                                                                                                                                                                                                                                                                                                                                                                                                                                                                                                                                                                                                        <\/p>\n","protected":false},"excerpt":{"rendered":"<p>ESPINILLERAS X 20 LEAGUE<\/p>\n","protected":false},"featured_media":49936,"template":"","meta":[],"product_brand":[],"product_cat":[324],"product_tag":[18],"class_list":{"0":"post-35192","1":"product","2":"type-product","3":"status-publish","4":"has-post-thumbnail","6":"product_cat-deportes_futbol_canilleras","7":"product_tag-adidas","8":"pa_color-unico","9":"pa_talla-xl","10":"thunk-woo-product-list","11":"opn-qv-enable","12":"open-woo-hover-","13":"open-single-product-tab-horizontal","14":"open-shadow-","15":"open-shadow-hover-","17":"first","18":"instock","19":"sale","20":"shipping-taxable","21":"purchasable","22":"product-type-variable"},"jetpack_sharing_enabled":true,"_links":{"self":[{"href":"https:\/\/www.deporteseli.com\/index.php?rest_route=\/wp\/v2\/product\/35192","targetHints":{"allow":["GET"]}}],"collection":[{"href":"https:\/\/www.deporteseli.com\/index.php?rest_route=\/wp\/v2\/product"}],"about":[{"href":"https:\/\/www.deporteseli.com\/index.php?rest_route=\/wp\/v2\/types\/product"}],"wp:featuredmedia":[{"embeddable":true,"href":"https:\/\/www.deporteseli.com\/index.php?rest_route=\/wp\/v2\/media\/49936"}],"wp:attachment":[{"href":"https:\/\/www.deporteseli.com\/index.php?rest_route=%2Fwp%2Fv2%2Fmedia&parent=35192"}],"wp:term":[{"taxonomy":"product_brand","embeddable":true,"href":"https:\/\/www.deporteseli.com\/index.php?rest_route=%2Fwp%2Fv2%2Fproduct_brand&post=35192"},{"taxonomy":"product_cat","embeddable":true,"href":"https:\/\/www.deporteseli.com\/index.php?rest_route=%2Fwp%2Fv2%2Fproduct_cat&post=35192"},{"taxonomy":"product_tag","embeddable":true,"href":"https:\/\/www.deporteseli.com\/index.php?rest_route=%2Fwp%2Fv2%2Fproduct_tag&post=35192"}],"curies":[{"name":"wp","href":"https:\/\/api.w.org\/{rel}","templated":true}]}}