{"id":35190,"date":"2026-01-27T16:43:53","date_gmt":"2026-01-27T16:43:53","guid":{"rendered":"https:\/\/www.deporteseli.com\/?product=zapatillas-adidas-adulto-fut-super-sala-fv545"},"modified":"2026-01-27T16:43:56","modified_gmt":"2026-01-27T16:43:56","slug":"zapatillas-adidas-adulto-fut-super-sala-fv545","status":"publish","type":"product","link":"https:\/\/www.deporteseli.com\/?product=zapatillas-adidas-adulto-fut-super-sala-fv545","title":{"rendered":"ZAPATILLAS ADIDAS ADULTO FUT SUPER SALA FV545"},"content":{"rendered":"<p>-Horma cl\u00e1sica    -Cierre de cordones    -Parte superior en malla y piel sint\u00e9tica    -Zapatillas de malla de f\u00fatbol sala    -Puntera reforzada    -Suela de goma para f\u00fatbol sala                                                                                                                                                                                                                                                                                                                                                                                                                                                                                                                                                                                                                                                                                                                                                                                                                                                                                                                                                                                                                                        <\/p>\n","protected":false},"excerpt":{"rendered":"<p>ZAPATILLAS ADIDAS ADULTO FUT SUPER SALA FV545<\/p>\n","protected":false},"featured_media":49931,"template":"","meta":[],"product_brand":[],"product_cat":[323],"product_tag":[18],"class_list":{"0":"post-35190","1":"product","2":"type-product","3":"status-publish","4":"has-post-thumbnail","6":"product_cat-deportes_futbol_botas_sala","7":"product_tag-adidas","8":"pa_color-unico","9":"pa_talla-163","10":"thunk-woo-product-list","11":"opn-qv-enable","12":"open-woo-hover-","13":"open-single-product-tab-horizontal","14":"open-shadow-","15":"open-shadow-hover-","17":"first","18":"instock","19":"sale","20":"shipping-taxable","21":"purchasable","22":"product-type-variable"},"jetpack_sharing_enabled":true,"_links":{"self":[{"href":"https:\/\/www.deporteseli.com\/index.php?rest_route=\/wp\/v2\/product\/35190","targetHints":{"allow":["GET"]}}],"collection":[{"href":"https:\/\/www.deporteseli.com\/index.php?rest_route=\/wp\/v2\/product"}],"about":[{"href":"https:\/\/www.deporteseli.com\/index.php?rest_route=\/wp\/v2\/types\/product"}],"wp:featuredmedia":[{"embeddable":true,"href":"https:\/\/www.deporteseli.com\/index.php?rest_route=\/wp\/v2\/media\/49931"}],"wp:attachment":[{"href":"https:\/\/www.deporteseli.com\/index.php?rest_route=%2Fwp%2Fv2%2Fmedia&parent=35190"}],"wp:term":[{"taxonomy":"product_brand","embeddable":true,"href":"https:\/\/www.deporteseli.com\/index.php?rest_route=%2Fwp%2Fv2%2Fproduct_brand&post=35190"},{"taxonomy":"product_cat","embeddable":true,"href":"https:\/\/www.deporteseli.com\/index.php?rest_route=%2Fwp%2Fv2%2Fproduct_cat&post=35190"},{"taxonomy":"product_tag","embeddable":true,"href":"https:\/\/www.deporteseli.com\/index.php?rest_route=%2Fwp%2Fv2%2Fproduct_tag&post=35190"}],"curies":[{"name":"wp","href":"https:\/\/api.w.org\/{rel}","templated":true}]}}