{"id":35188,"date":"2026-01-27T16:43:49","date_gmt":"2026-01-27T16:43:49","guid":{"rendered":"https:\/\/www.deporteseli.com\/?product=bolso-active-core-city"},"modified":"2026-01-27T16:43:52","modified_gmt":"2026-01-27T16:43:52","slug":"bolso-active-core-city","status":"publish","type":"product","link":"https:\/\/www.deporteseli.com\/?product=bolso-active-core-city","title":{"rendered":"BOLSO ACTIVE CORE CITY"},"content":{"rendered":"<p>UN BOLSO VERS\u00c1TIL CON UN BOLSILLO DELANTERO CON CREMALLERA.  Todo en su sitio. Este bolso tiene un tama\u00f1o perfecto para llevar tus llaves, tarjetas de cr\u00e9dito y m\u00f3vil. Cuenta con bolsillos con cremallera para que no se te caiga nada por la calle. La correa para el hombro se ajusta para llevarla como m\u00e1s te guste.  Punto liso 100 % poli\u00e9ster.  Compartimento principal con cremallera.  Bolsillo frontal con cremallera.  Correa del hombro que permite un ajuste a medida.  Color del art\u00edculo: Black  N\u00famero de art\u00edculo: GE1354                                                                                                                                                                                                                                                                                                                                                                                                                                                                                                                                                                                                                                                                                                                                                                                                                                                                                                                                                                                                                                        <\/p>\n","protected":false},"excerpt":{"rendered":"<p>BOLSO ACTIVE CORE CITY<\/p>\n","protected":false},"featured_media":49929,"template":"","meta":[],"product_brand":[],"product_cat":[423],"product_tag":[41],"class_list":{"0":"post-35188","1":"product","2":"type-product","3":"status-publish","4":"has-post-thumbnail","6":"product_cat-accesorios_bandoleras","7":"product_tag-reebok","8":"pa_color-unico","9":"pa_talla-unica","10":"thunk-woo-product-list","11":"opn-qv-enable","12":"open-woo-hover-","13":"open-single-product-tab-horizontal","14":"open-shadow-","15":"open-shadow-hover-","17":"first","18":"instock","19":"shipping-taxable","20":"purchasable","21":"product-type-variable"},"jetpack_sharing_enabled":true,"_links":{"self":[{"href":"https:\/\/www.deporteseli.com\/index.php?rest_route=\/wp\/v2\/product\/35188","targetHints":{"allow":["GET"]}}],"collection":[{"href":"https:\/\/www.deporteseli.com\/index.php?rest_route=\/wp\/v2\/product"}],"about":[{"href":"https:\/\/www.deporteseli.com\/index.php?rest_route=\/wp\/v2\/types\/product"}],"wp:featuredmedia":[{"embeddable":true,"href":"https:\/\/www.deporteseli.com\/index.php?rest_route=\/wp\/v2\/media\/49929"}],"wp:attachment":[{"href":"https:\/\/www.deporteseli.com\/index.php?rest_route=%2Fwp%2Fv2%2Fmedia&parent=35188"}],"wp:term":[{"taxonomy":"product_brand","embeddable":true,"href":"https:\/\/www.deporteseli.com\/index.php?rest_route=%2Fwp%2Fv2%2Fproduct_brand&post=35188"},{"taxonomy":"product_cat","embeddable":true,"href":"https:\/\/www.deporteseli.com\/index.php?rest_route=%2Fwp%2Fv2%2Fproduct_cat&post=35188"},{"taxonomy":"product_tag","embeddable":true,"href":"https:\/\/www.deporteseli.com\/index.php?rest_route=%2Fwp%2Fv2%2Fproduct_tag&post=35188"}],"curies":[{"name":"wp","href":"https:\/\/api.w.org\/{rel}","templated":true}]}}