{"id":35186,"date":"2026-01-27T16:43:45","date_gmt":"2026-01-27T16:43:45","guid":{"rendered":"https:\/\/www.deporteseli.com\/?product=zapatilla-supernova"},"modified":"2026-01-27T16:43:48","modified_gmt":"2026-01-27T16:43:48","slug":"zapatilla-supernova","status":"publish","type":"product","link":"https:\/\/www.deporteseli.com\/?product=zapatilla-supernova","title":{"rendered":"ZAPATILLA SUPERNOVA"},"content":{"rendered":"<p>NADA PUEDE DETENERNOS  Todos corremos por distintos motivos. Sea cual sea el tuyo, esta zapatilla adidas te ayudar\u00e1 a alcanzar tus metas. La amortiguaci\u00f3n flexible en el antepi\u00e9 y en el tal\u00f3n te ofrece una pisada m\u00e1s c\u00f3moda. Sus materiales reciclados son fruto de nuestro compromiso con un entorno m\u00e1s sostenible.  Horma cl\u00e1sica  Cierre de cordones  Parte superior de malla  Sujeci\u00f3n ligera  Zapatilla de running c\u00f3moda  Mediasuela h\u00edbrida Bounce y Boost  Peso: 315 g  Suela de goma  Esta zapatilla se ha fabricado con Primegreen, una combinaci\u00f3n de materiales de alto rendimiento con al menos un 50% de contenido reciclado  Color del art\u00edculo: Core Black \/ Signal Pink \/ Copper Metallic  N\u00famero de art\u00edculo: FV6022                                                                                                                                                                                                                                                                                                                                                                                                                                                                                                                                                                                                                                                                                                                                                                                                                                                                                                                                                                                                                                        <\/p>\n","protected":false},"excerpt":{"rendered":"<p>ZAPATILLA SUPERNOVA<\/p>\n","protected":false},"featured_media":49924,"template":"","meta":[],"product_brand":[],"product_cat":[285],"product_tag":[18],"class_list":{"0":"post-35186","1":"product","2":"type-product","3":"status-publish","4":"has-post-thumbnail","6":"product_cat-mujer_calzado_running","7":"product_tag-adidas","8":"pa_color-unico","9":"pa_talla-36-5","10":"thunk-woo-product-list","11":"opn-qv-enable","12":"open-woo-hover-","13":"open-single-product-tab-horizontal","14":"open-shadow-","15":"open-shadow-hover-","17":"first","18":"instock","19":"sale","20":"shipping-taxable","21":"purchasable","22":"product-type-variable"},"jetpack_sharing_enabled":true,"_links":{"self":[{"href":"https:\/\/www.deporteseli.com\/index.php?rest_route=\/wp\/v2\/product\/35186","targetHints":{"allow":["GET"]}}],"collection":[{"href":"https:\/\/www.deporteseli.com\/index.php?rest_route=\/wp\/v2\/product"}],"about":[{"href":"https:\/\/www.deporteseli.com\/index.php?rest_route=\/wp\/v2\/types\/product"}],"wp:featuredmedia":[{"embeddable":true,"href":"https:\/\/www.deporteseli.com\/index.php?rest_route=\/wp\/v2\/media\/49924"}],"wp:attachment":[{"href":"https:\/\/www.deporteseli.com\/index.php?rest_route=%2Fwp%2Fv2%2Fmedia&parent=35186"}],"wp:term":[{"taxonomy":"product_brand","embeddable":true,"href":"https:\/\/www.deporteseli.com\/index.php?rest_route=%2Fwp%2Fv2%2Fproduct_brand&post=35186"},{"taxonomy":"product_cat","embeddable":true,"href":"https:\/\/www.deporteseli.com\/index.php?rest_route=%2Fwp%2Fv2%2Fproduct_cat&post=35186"},{"taxonomy":"product_tag","embeddable":true,"href":"https:\/\/www.deporteseli.com\/index.php?rest_route=%2Fwp%2Fv2%2Fproduct_tag&post=35186"}],"curies":[{"name":"wp","href":"https:\/\/api.w.org\/{rel}","templated":true}]}}