{"id":35175,"date":"2026-01-27T16:43:31","date_gmt":"2026-01-27T16:43:31","guid":{"rendered":"https:\/\/www.deporteseli.com\/?product=30-sobregrips-wilson-pro-overgrip"},"modified":"2026-03-12T05:18:08","modified_gmt":"2026-03-12T05:18:08","slug":"30-sobregrips-wilson-pro-overgrip","status":"publish","type":"product","link":"https:\/\/www.deporteseli.com\/?product=30-sobregrips-wilson-pro-overgrip","title":{"rendered":"30 SOBREGRIPS WILSON PRO OVERGRIP"},"content":{"rendered":"<p>El paquete de 30 Wilson Pro Overgrip White est\u00e1 hecho de fieltro muy fino y el\u00e1stico para un tacto \u00f3ptimo.  30 empu\u00f1aduras por paquete.  Plano con alta elasticidad.  Ultra resistente y absorbente.  Tama\u00f1o: (ver descripci\u00f3n). Color: blanco.                                                                                                                                                                                                                                                                                                                                                                                                                                                                                                                                                                                                                                                                                                                                                                                                                                                                                                                                                                                                                                        <\/p>\n","protected":false},"excerpt":{"rendered":"<p>30 SOBREGRIPS WILSON PRO OVERGRIP<\/p>\n","protected":false},"featured_media":49920,"template":"","meta":[],"product_brand":[],"product_cat":[357],"product_tag":[57],"class_list":{"0":"post-35175","1":"product","2":"type-product","3":"status-publish","4":"has-post-thumbnail","6":"product_cat-padel_y_tenis_overgrip","7":"product_tag-wilson","8":"pa_color-unico","9":"pa_talla-unica","10":"thunk-woo-product-list","11":"opn-qv-enable","12":"open-woo-hover-","13":"open-single-product-tab-horizontal","14":"open-shadow-","15":"open-shadow-hover-","17":"first","18":"instock","19":"sale","20":"shipping-taxable","21":"purchasable","22":"product-type-variable"},"jetpack_sharing_enabled":true,"_links":{"self":[{"href":"https:\/\/www.deporteseli.com\/index.php?rest_route=\/wp\/v2\/product\/35175","targetHints":{"allow":["GET"]}}],"collection":[{"href":"https:\/\/www.deporteseli.com\/index.php?rest_route=\/wp\/v2\/product"}],"about":[{"href":"https:\/\/www.deporteseli.com\/index.php?rest_route=\/wp\/v2\/types\/product"}],"wp:featuredmedia":[{"embeddable":true,"href":"https:\/\/www.deporteseli.com\/index.php?rest_route=\/wp\/v2\/media\/49920"}],"wp:attachment":[{"href":"https:\/\/www.deporteseli.com\/index.php?rest_route=%2Fwp%2Fv2%2Fmedia&parent=35175"}],"wp:term":[{"taxonomy":"product_brand","embeddable":true,"href":"https:\/\/www.deporteseli.com\/index.php?rest_route=%2Fwp%2Fv2%2Fproduct_brand&post=35175"},{"taxonomy":"product_cat","embeddable":true,"href":"https:\/\/www.deporteseli.com\/index.php?rest_route=%2Fwp%2Fv2%2Fproduct_cat&post=35175"},{"taxonomy":"product_tag","embeddable":true,"href":"https:\/\/www.deporteseli.com\/index.php?rest_route=%2Fwp%2Fv2%2Fproduct_tag&post=35175"}],"curies":[{"name":"wp","href":"https:\/\/api.w.org\/{rel}","templated":true}]}}