{"id":35173,"date":"2026-01-27T16:43:27","date_gmt":"2026-01-27T16:43:27","guid":{"rendered":"https:\/\/www.deporteseli.com\/?product=mascarilla-talla-m-l-pack-de-3"},"modified":"2026-01-27T16:43:29","modified_gmt":"2026-01-27T16:43:29","slug":"mascarilla-talla-m-l-pack-de-3","status":"publish","type":"product","link":"https:\/\/www.deporteseli.com\/?product=mascarilla-talla-m-l-pack-de-3","title":{"rendered":"MASCARILLA TALLA M\/L &#8211; PACK DE 3"},"content":{"rendered":"<p>C\u00d3MODA. LAVABLE. REUTILIZABLE.  Esta mascarilla Reebok est\u00e1 hecha de tejido suave y transpirable que se puede lavar. Su dise\u00f1o c\u00f3modo y reutilizable es perfecto para que salgas a practicar h\u00e1bitos saludables todos los d\u00edas. Esta mascarilla no est\u00e1 considerada para uso m\u00e9dico ni como equipo de protecci\u00f3n individual, aunque puede ayudar a prevenir la propagaci\u00f3n de virus y g\u00e9rmenes a trav\u00e9s de la transmisi\u00f3n de gotitas respiratorias.  Dimensiones: 15,3 cm x 17 cm.  93 % poli\u00e9ster reciclado \/ 7 % elast\u00e1n.  Ajuste ce\u00f1ido para cobertura.  El\u00e1sticos alrededor de las orejas.  Tejido de doble capa.  Suave y transpirable.  Dise\u00f1o lavable para uso diario.  Cada pack incluye tres mascarillas.  Color del art\u00edculo: Black \/ black \/ White  N\u00famero de art\u00edculo: H18222                                                                                                                                                                                                                                                                                                                                                                                                                                                                                                                                                                                                                                                                                                                                                                                                                                                                                                                                                                                                                                        <\/p>\n","protected":false},"excerpt":{"rendered":"<p>MASCARILLA TALLA M\/L &#8211; PACK DE 3<\/p>\n","protected":false},"featured_media":49918,"template":"","meta":[],"product_brand":[],"product_cat":[425],"product_tag":[41],"class_list":{"0":"post-35173","1":"product","2":"type-product","3":"status-publish","4":"has-post-thumbnail","6":"product_cat-accesorios_varios","7":"product_tag-reebok","8":"pa_color-unico","9":"pa_talla-unica","10":"thunk-woo-product-list","11":"opn-qv-enable","12":"open-woo-hover-","13":"open-single-product-tab-horizontal","14":"open-shadow-","15":"open-shadow-hover-","17":"first","18":"instock","19":"shipping-taxable","20":"purchasable","21":"product-type-variable"},"jetpack_sharing_enabled":true,"_links":{"self":[{"href":"https:\/\/www.deporteseli.com\/index.php?rest_route=\/wp\/v2\/product\/35173","targetHints":{"allow":["GET"]}}],"collection":[{"href":"https:\/\/www.deporteseli.com\/index.php?rest_route=\/wp\/v2\/product"}],"about":[{"href":"https:\/\/www.deporteseli.com\/index.php?rest_route=\/wp\/v2\/types\/product"}],"wp:featuredmedia":[{"embeddable":true,"href":"https:\/\/www.deporteseli.com\/index.php?rest_route=\/wp\/v2\/media\/49918"}],"wp:attachment":[{"href":"https:\/\/www.deporteseli.com\/index.php?rest_route=%2Fwp%2Fv2%2Fmedia&parent=35173"}],"wp:term":[{"taxonomy":"product_brand","embeddable":true,"href":"https:\/\/www.deporteseli.com\/index.php?rest_route=%2Fwp%2Fv2%2Fproduct_brand&post=35173"},{"taxonomy":"product_cat","embeddable":true,"href":"https:\/\/www.deporteseli.com\/index.php?rest_route=%2Fwp%2Fv2%2Fproduct_cat&post=35173"},{"taxonomy":"product_tag","embeddable":true,"href":"https:\/\/www.deporteseli.com\/index.php?rest_route=%2Fwp%2Fv2%2Fproduct_tag&post=35173"}],"curies":[{"name":"wp","href":"https:\/\/api.w.org\/{rel}","templated":true}]}}