{"id":35171,"date":"2026-01-27T16:43:25","date_gmt":"2026-01-27T16:43:25","guid":{"rendered":"https:\/\/www.deporteseli.com\/?product=mallas-myt-engineered"},"modified":"2026-01-27T16:43:26","modified_gmt":"2026-01-27T16:43:26","slug":"mallas-myt-engineered","status":"publish","type":"product","link":"https:\/\/www.deporteseli.com\/?product=mallas-myt-engineered","title":{"rendered":"MALLAS MYT ENGINEERED"},"content":{"rendered":"<p>UNAS MALLAS CON GR\u00c1FICO QUE ABSORBEN LA HUMEDAD DISE\u00d1ADAS PARA UN M\u00c1XIMO CONFORT.  Lo de destacar va contigo. Estas mallas de entrenamiento para mujer vienen con un gr\u00e1fico llamativo que eleva tu estilo. Su tejido suave absorbe la humedad ayudando a mantener tu piel fresca y seca durante tus sesiones de entrenamiento. El corte de tiro medio con la cintura ancha se siente muy c\u00f3modo y favorece.  Punto entrelazado, 91 % poli\u00e9ster \/ 9 % elast\u00e1n.  Ideales para: cualquier tipo de entrenamiento.  Ajuste ce\u00f1ido.  La tecnolog\u00eda Speedwick dispersa el sudor manteniendo tu piel fresca y seca.  Cintura media el\u00e1stica.  Color del art\u00edculo: Court Green  N\u00famero de art\u00edculo: FT0876                                                                                                                                                                                                                                                                                                                                                                                                                                                                                                                                                                                                                                                                                                                                                                                                                                                                                                                                                                                                                                        <\/p>\n","protected":false},"excerpt":{"rendered":"<p>MALLAS MYT ENGINEERED<\/p>\n","protected":false},"featured_media":49915,"template":"","meta":[],"product_brand":[],"product_cat":[281],"product_tag":[41],"class_list":{"0":"post-35171","1":"product","2":"type-product","3":"status-publish","4":"has-post-thumbnail","6":"product_cat-mujer_textil_mallas","7":"product_tag-reebok","8":"pa_color-unico","9":"pa_talla-l","10":"thunk-woo-product-list","11":"opn-qv-enable","12":"open-woo-hover-","13":"open-single-product-tab-horizontal","14":"open-shadow-","15":"open-shadow-hover-","17":"first","18":"instock","19":"shipping-taxable","20":"purchasable","21":"product-type-variable"},"jetpack_sharing_enabled":true,"_links":{"self":[{"href":"https:\/\/www.deporteseli.com\/index.php?rest_route=\/wp\/v2\/product\/35171","targetHints":{"allow":["GET"]}}],"collection":[{"href":"https:\/\/www.deporteseli.com\/index.php?rest_route=\/wp\/v2\/product"}],"about":[{"href":"https:\/\/www.deporteseli.com\/index.php?rest_route=\/wp\/v2\/types\/product"}],"wp:featuredmedia":[{"embeddable":true,"href":"https:\/\/www.deporteseli.com\/index.php?rest_route=\/wp\/v2\/media\/49915"}],"wp:attachment":[{"href":"https:\/\/www.deporteseli.com\/index.php?rest_route=%2Fwp%2Fv2%2Fmedia&parent=35171"}],"wp:term":[{"taxonomy":"product_brand","embeddable":true,"href":"https:\/\/www.deporteseli.com\/index.php?rest_route=%2Fwp%2Fv2%2Fproduct_brand&post=35171"},{"taxonomy":"product_cat","embeddable":true,"href":"https:\/\/www.deporteseli.com\/index.php?rest_route=%2Fwp%2Fv2%2Fproduct_cat&post=35171"},{"taxonomy":"product_tag","embeddable":true,"href":"https:\/\/www.deporteseli.com\/index.php?rest_route=%2Fwp%2Fv2%2Fproduct_tag&post=35171"}],"curies":[{"name":"wp","href":"https:\/\/api.w.org\/{rel}","templated":true}]}}