{"id":35169,"date":"2026-01-27T16:43:22","date_gmt":"2026-01-27T16:43:22","guid":{"rendered":"https:\/\/www.deporteseli.com\/?product=chaqueta-training-essentials-woven-linear-log"},"modified":"2026-01-27T16:43:24","modified_gmt":"2026-01-27T16:43:24","slug":"chaqueta-training-essentials-woven-linear-log","status":"publish","type":"product","link":"https:\/\/www.deporteseli.com\/?product=chaqueta-training-essentials-woven-linear-log","title":{"rendered":"CHAQUETA TRAINING ESSENTIALS WOVEN LINEAR LOG"},"content":{"rendered":"<p>UNA CHAQUETA DE ENTRENAMIENTO CON CREMALLERA COMPLETA CARGADA DE ESTILO REEBOK.  \u00bfTienes un poco de fr\u00edo? Ponte esta chaqueta de entrenamiento ligera para mujer y no dejes que la brisa interrumpa tus estiramientos. Viene con una silueta holgada para que te muevas con libertad. El dobladillo y los pu\u00f1os el\u00e1sticos te garantizan un ajuste seguro, mientras que los bolsillos frontales te permiten guardar objetos peque\u00f1os.  Tafet\u00e1n 100 % poli\u00e9ster.  Corte holgado.  Cremallera completa y cuello alto.  Bolsillos frontales.  Pu\u00f1os y dobladillo el\u00e1sticos.  Logotipo Reebok en la manga.  Color del art\u00edculo: Proud Pink  N\u00famero de art\u00edculo: FU2193                                                                                                                                                                                                                                                                                                                                                                                                                                                                                                                                                                                                                                                                                                                                                                                                                                                                                                                                                                                                                                        <\/p>\n","protected":false},"excerpt":{"rendered":"<p>CHAQUETA TRAINING ESSENTIALS WOVEN LINEAR LOG<\/p>\n","protected":false},"featured_media":49913,"template":"","meta":[],"product_brand":[],"product_cat":[282],"product_tag":[41],"class_list":{"0":"post-35169","1":"product","2":"type-product","3":"status-publish","4":"has-post-thumbnail","6":"product_cat-mujer_textil_chaquetas","7":"product_tag-reebok","8":"pa_color-unico","9":"pa_talla-xl","10":"thunk-woo-product-list","11":"opn-qv-enable","12":"open-woo-hover-","13":"open-single-product-tab-horizontal","14":"open-shadow-","15":"open-shadow-hover-","17":"first","18":"instock","19":"shipping-taxable","20":"purchasable","21":"product-type-variable"},"jetpack_sharing_enabled":true,"_links":{"self":[{"href":"https:\/\/www.deporteseli.com\/index.php?rest_route=\/wp\/v2\/product\/35169","targetHints":{"allow":["GET"]}}],"collection":[{"href":"https:\/\/www.deporteseli.com\/index.php?rest_route=\/wp\/v2\/product"}],"about":[{"href":"https:\/\/www.deporteseli.com\/index.php?rest_route=\/wp\/v2\/types\/product"}],"wp:featuredmedia":[{"embeddable":true,"href":"https:\/\/www.deporteseli.com\/index.php?rest_route=\/wp\/v2\/media\/49913"}],"wp:attachment":[{"href":"https:\/\/www.deporteseli.com\/index.php?rest_route=%2Fwp%2Fv2%2Fmedia&parent=35169"}],"wp:term":[{"taxonomy":"product_brand","embeddable":true,"href":"https:\/\/www.deporteseli.com\/index.php?rest_route=%2Fwp%2Fv2%2Fproduct_brand&post=35169"},{"taxonomy":"product_cat","embeddable":true,"href":"https:\/\/www.deporteseli.com\/index.php?rest_route=%2Fwp%2Fv2%2Fproduct_cat&post=35169"},{"taxonomy":"product_tag","embeddable":true,"href":"https:\/\/www.deporteseli.com\/index.php?rest_route=%2Fwp%2Fv2%2Fproduct_tag&post=35169"}],"curies":[{"name":"wp","href":"https:\/\/api.w.org\/{rel}","templated":true}]}}