{"id":35164,"date":"2026-01-27T16:43:15","date_gmt":"2026-01-27T16:43:15","guid":{"rendered":"https:\/\/www.deporteseli.com\/?product=adidas-bold-fz-sudaderas-ropa-azul"},"modified":"2026-01-27T16:43:19","modified_gmt":"2026-01-27T16:43:19","slug":"adidas-bold-fz-sudaderas-ropa-azul","status":"publish","type":"product","link":"https:\/\/www.deporteseli.com\/?product=adidas-bold-fz-sudaderas-ropa-azul","title":{"rendered":"ADIDAS BOLD FZ SUDADERAS ROPA AZUL"},"content":{"rendered":"<p>RECONFORTA TU ENTRENAMIENTO  Calentar y enfriar despu\u00e9s del ejercicio son rutinas fundamentales. Enf\u00fandate esta chaqueta con capucha antes y despu\u00e9s de entrenar. El tejido con mezcla de algod\u00f3n te ofrece la comodidad necesaria cuando vas camino del gimnasio o te sientas en el sof\u00e1 despu\u00e9s de una relajante ducha.                                                                                                                                                                                                                                                                                                                                                                                                                                                                                                                                                                                                                                                                                                                                                                                                                                                                                                                                                                                                                                        <\/p>\n","protected":false},"excerpt":{"rendered":"<p>ADIDAS BOLD FZ SUDADERAS ROPA AZUL<\/p>\n","protected":false},"featured_media":49906,"template":"","meta":[],"product_brand":[],"product_cat":[302],"product_tag":[18],"class_list":{"0":"post-35164","1":"product","2":"type-product","3":"status-publish","4":"has-post-thumbnail","6":"product_cat-nino_textil_sudaderas","7":"product_tag-adidas","8":"pa_color-unico","9":"pa_talla-t-16","10":"pa_talla-t-8","11":"thunk-woo-product-list","12":"opn-qv-enable","13":"open-woo-hover-","14":"open-single-product-tab-horizontal","15":"open-shadow-","16":"open-shadow-hover-","18":"first","19":"instock","20":"shipping-taxable","21":"purchasable","22":"product-type-variable"},"jetpack_sharing_enabled":true,"_links":{"self":[{"href":"https:\/\/www.deporteseli.com\/index.php?rest_route=\/wp\/v2\/product\/35164","targetHints":{"allow":["GET"]}}],"collection":[{"href":"https:\/\/www.deporteseli.com\/index.php?rest_route=\/wp\/v2\/product"}],"about":[{"href":"https:\/\/www.deporteseli.com\/index.php?rest_route=\/wp\/v2\/types\/product"}],"wp:featuredmedia":[{"embeddable":true,"href":"https:\/\/www.deporteseli.com\/index.php?rest_route=\/wp\/v2\/media\/49906"}],"wp:attachment":[{"href":"https:\/\/www.deporteseli.com\/index.php?rest_route=%2Fwp%2Fv2%2Fmedia&parent=35164"}],"wp:term":[{"taxonomy":"product_brand","embeddable":true,"href":"https:\/\/www.deporteseli.com\/index.php?rest_route=%2Fwp%2Fv2%2Fproduct_brand&post=35164"},{"taxonomy":"product_cat","embeddable":true,"href":"https:\/\/www.deporteseli.com\/index.php?rest_route=%2Fwp%2Fv2%2Fproduct_cat&post=35164"},{"taxonomy":"product_tag","embeddable":true,"href":"https:\/\/www.deporteseli.com\/index.php?rest_route=%2Fwp%2Fv2%2Fproduct_tag&post=35164"}],"curies":[{"name":"wp","href":"https:\/\/api.w.org\/{rel}","templated":true}]}}