{"id":35152,"date":"2026-01-27T16:43:00","date_gmt":"2026-01-27T16:43:00","guid":{"rendered":"https:\/\/www.deporteseli.com\/?product=mallas-alphaskin-aeroready-printed"},"modified":"2026-01-27T16:43:03","modified_gmt":"2026-01-27T16:43:03","slug":"mallas-alphaskin-aeroready-printed","status":"publish","type":"product","link":"https:\/\/www.deporteseli.com\/?product=mallas-alphaskin-aeroready-printed","title":{"rendered":"MALLAS ALPHASKIN AEROREADY PRINTED"},"content":{"rendered":"<p>COMPRESI\u00d3N BAJO CONTROL  Supera sin obst\u00e1culos la clase de cardio con estas mallas adidas para j\u00f3venes deportistas. Su tejido transpirable expulsa el sudor de la piel manteni\u00e9ndola fresca y seca durante el entrenamiento. Los paneles de malla favorecen la ventilaci\u00f3n y aportan mayor comodidad. La tecnolog\u00eda Alphaskin te ofrece el ajuste de compresi\u00f3n perfecto.  Corte ajustado  Cintura el\u00e1stica a la vista  Interlock 85% poli\u00e9ster reciclado \/ 15% elast\u00e1n  Mallas estampadas con bolsillo para las llaves  Tejido AEROREADY que mantiene la piel seca  Alphaskin se adapta a tu cuerpo y acompa\u00f1a todos tus movimientos  Bolsillo interior para las llaves  Paneles de malla detr\u00e1s de las rodillas  Color del art\u00edculo: Haze Coral \/ Semi Flash Red \/ Noble Purple  N\u00famero de art\u00edculo: GE0465                                                                                                                                                                                                                                                                                                                                                                                                                                                                                                                                                                                                                                                                                                                                                                                                                                                                                                                                                                                                                                        <\/p>\n","protected":false},"excerpt":{"rendered":"<p>MALLAS ALPHASKIN AEROREADY PRINTED<\/p>\n","protected":false},"featured_media":49896,"template":"","meta":[],"product_brand":[],"product_cat":[386],"product_tag":[18],"class_list":{"0":"post-35152","1":"product","2":"type-product","3":"status-publish","4":"has-post-thumbnail","6":"product_cat-ninas_textil_mallas","7":"product_tag-adidas","8":"pa_color-unico","9":"pa_talla-t-14","10":"pa_talla-t-16","11":"thunk-woo-product-list","12":"opn-qv-enable","13":"open-woo-hover-","14":"open-single-product-tab-horizontal","15":"open-shadow-","16":"open-shadow-hover-","18":"first","19":"instock","20":"shipping-taxable","21":"purchasable","22":"product-type-variable"},"jetpack_sharing_enabled":true,"_links":{"self":[{"href":"https:\/\/www.deporteseli.com\/index.php?rest_route=\/wp\/v2\/product\/35152","targetHints":{"allow":["GET"]}}],"collection":[{"href":"https:\/\/www.deporteseli.com\/index.php?rest_route=\/wp\/v2\/product"}],"about":[{"href":"https:\/\/www.deporteseli.com\/index.php?rest_route=\/wp\/v2\/types\/product"}],"wp:featuredmedia":[{"embeddable":true,"href":"https:\/\/www.deporteseli.com\/index.php?rest_route=\/wp\/v2\/media\/49896"}],"wp:attachment":[{"href":"https:\/\/www.deporteseli.com\/index.php?rest_route=%2Fwp%2Fv2%2Fmedia&parent=35152"}],"wp:term":[{"taxonomy":"product_brand","embeddable":true,"href":"https:\/\/www.deporteseli.com\/index.php?rest_route=%2Fwp%2Fv2%2Fproduct_brand&post=35152"},{"taxonomy":"product_cat","embeddable":true,"href":"https:\/\/www.deporteseli.com\/index.php?rest_route=%2Fwp%2Fv2%2Fproduct_cat&post=35152"},{"taxonomy":"product_tag","embeddable":true,"href":"https:\/\/www.deporteseli.com\/index.php?rest_route=%2Fwp%2Fv2%2Fproduct_tag&post=35152"}],"curies":[{"name":"wp","href":"https:\/\/api.w.org\/{rel}","templated":true}]}}