{"id":35148,"date":"2026-01-27T16:42:54","date_gmt":"2026-01-27T16:42:54","guid":{"rendered":"https:\/\/www.deporteseli.com\/?product=camiseta-up2mv-aeroready"},"modified":"2026-01-27T16:42:59","modified_gmt":"2026-01-27T16:42:59","slug":"camiseta-up2mv-aeroready","status":"publish","type":"product","link":"https:\/\/www.deporteseli.com\/?product=camiseta-up2mv-aeroready","title":{"rendered":"CAMISETA UP2MV AEROREADY"},"content":{"rendered":"<p>PARA J\u00d3VENES DEPORTISTAS  Supera cualquier obst\u00e1culo que se interponga en tu camino. Esta camiseta de training te ofrece una total libertad de movimiento para que puedas ejecutar las rutinas con comodidad. Su tejido suave y transpirable ayuda a mantener tu cuerpo fresco y c\u00f3modo en todo momento.  Corte cl\u00e1sico  Cuello redondo  Punto 65% poli\u00e9ster reciclado \/ 35% viscosa  Camiseta de entrenamiento  Tejido transpirable AEROREADY  Dise\u00f1o FreeLift  Color del art\u00edculo: Haze Coral \/ White  N\u00famero de art\u00edculo: GE0044                                                                                                                                                                                                                                                                                                                                                                                                                                                                                                                                                                                                                                                                                                                                                                                                                                                                                                                                                                                                                                        <\/p>\n","protected":false},"excerpt":{"rendered":"<p>CAMISETA UP2MV AEROREADY<\/p>\n","protected":false},"featured_media":49894,"template":"","meta":[],"product_brand":[],"product_cat":[269],"product_tag":[18],"class_list":{"0":"post-35148","1":"product","2":"type-product","3":"status-publish","4":"has-post-thumbnail","6":"product_cat-mujer_textil_camisetas","7":"product_tag-adidas","8":"pa_color-unico","9":"pa_talla-t-12","10":"pa_talla-t-14","11":"pa_talla-t-16","12":"thunk-woo-product-list","13":"opn-qv-enable","14":"open-woo-hover-","15":"open-single-product-tab-horizontal","16":"open-shadow-","17":"open-shadow-hover-","19":"first","20":"instock","21":"shipping-taxable","22":"purchasable","23":"product-type-variable"},"jetpack_sharing_enabled":true,"_links":{"self":[{"href":"https:\/\/www.deporteseli.com\/index.php?rest_route=\/wp\/v2\/product\/35148","targetHints":{"allow":["GET"]}}],"collection":[{"href":"https:\/\/www.deporteseli.com\/index.php?rest_route=\/wp\/v2\/product"}],"about":[{"href":"https:\/\/www.deporteseli.com\/index.php?rest_route=\/wp\/v2\/types\/product"}],"wp:featuredmedia":[{"embeddable":true,"href":"https:\/\/www.deporteseli.com\/index.php?rest_route=\/wp\/v2\/media\/49894"}],"wp:attachment":[{"href":"https:\/\/www.deporteseli.com\/index.php?rest_route=%2Fwp%2Fv2%2Fmedia&parent=35148"}],"wp:term":[{"taxonomy":"product_brand","embeddable":true,"href":"https:\/\/www.deporteseli.com\/index.php?rest_route=%2Fwp%2Fv2%2Fproduct_brand&post=35148"},{"taxonomy":"product_cat","embeddable":true,"href":"https:\/\/www.deporteseli.com\/index.php?rest_route=%2Fwp%2Fv2%2Fproduct_cat&post=35148"},{"taxonomy":"product_tag","embeddable":true,"href":"https:\/\/www.deporteseli.com\/index.php?rest_route=%2Fwp%2Fv2%2Fproduct_tag&post=35148"}],"curies":[{"name":"wp","href":"https:\/\/api.w.org\/{rel}","templated":true}]}}