{"id":35144,"date":"2026-01-27T16:42:49","date_gmt":"2026-01-27T16:42:49","guid":{"rendered":"https:\/\/www.deporteseli.com\/?product=reebok-royal-complete-cln-2"},"modified":"2026-02-18T18:18:32","modified_gmt":"2026-02-18T18:18:32","slug":"reebok-royal-complete-cln-2","status":"publish","type":"product","link":"https:\/\/www.deporteseli.com\/?product=reebok-royal-complete-cln-2","title":{"rendered":"REEBOK ROYAL COMPLETE CLN 2"},"content":{"rendered":"<p>UNA ZAPATILLA DE ESTILO TENIS CON UN DISE\u00d1O MINIMALISTA.  Esta zapatilla impecable inspirada en las pistas de tenis es perfecta para que tu peque la lleve a diario. Se trata de una zapatilla para ni\u00f1a con un look de perfil bajo y un dise\u00f1o sencillo. Viene con correas de velcro para que se la pueda poner y quitar en tiempo r\u00e9cord.  Parte superior de material sint\u00e9tico.  Triple tira de velcro para que sea m\u00e1s f\u00e1cil de poner y quitar.  Dise\u00f1o de corte bajo para una mayor movilidad.  Plantilla extra\u00edble compatible con plantillas ortop\u00e9dicas.  Suela de caucho resistente al desgaste para una mayor durabilidad y capacidad de respuesta.  Color del art\u00edculo: White \/ White \/ Lilac Glow  N\u00famero de art\u00edculo: FW8901                                                                                                                                                                                                                                                                                                                                                                                                                                                                                                                                                                                                                                                                                                                                                                                                                                                                                                                                                                                                                                        <\/p>\n","protected":false},"excerpt":{"rendered":"<p>REEBOK ROYAL COMPLETE CLN 2<\/p>\n","protected":false},"featured_media":49884,"template":"","meta":[],"product_brand":[],"product_cat":[237],"product_tag":[41],"class_list":{"0":"post-35144","1":"product","2":"type-product","3":"status-publish","4":"has-post-thumbnail","6":"product_cat-outlet_calzado","7":"product_tag-reebok","8":"pa_color-unico","9":"pa_talla-135","10":"thunk-woo-product-list","11":"opn-qv-enable","12":"open-woo-hover-","13":"open-single-product-tab-horizontal","14":"open-shadow-","15":"open-shadow-hover-","17":"first","18":"instock","19":"shipping-taxable","20":"purchasable","21":"product-type-variable"},"jetpack_sharing_enabled":true,"_links":{"self":[{"href":"https:\/\/www.deporteseli.com\/index.php?rest_route=\/wp\/v2\/product\/35144","targetHints":{"allow":["GET"]}}],"collection":[{"href":"https:\/\/www.deporteseli.com\/index.php?rest_route=\/wp\/v2\/product"}],"about":[{"href":"https:\/\/www.deporteseli.com\/index.php?rest_route=\/wp\/v2\/types\/product"}],"wp:featuredmedia":[{"embeddable":true,"href":"https:\/\/www.deporteseli.com\/index.php?rest_route=\/wp\/v2\/media\/49884"}],"wp:attachment":[{"href":"https:\/\/www.deporteseli.com\/index.php?rest_route=%2Fwp%2Fv2%2Fmedia&parent=35144"}],"wp:term":[{"taxonomy":"product_brand","embeddable":true,"href":"https:\/\/www.deporteseli.com\/index.php?rest_route=%2Fwp%2Fv2%2Fproduct_brand&post=35144"},{"taxonomy":"product_cat","embeddable":true,"href":"https:\/\/www.deporteseli.com\/index.php?rest_route=%2Fwp%2Fv2%2Fproduct_cat&post=35144"},{"taxonomy":"product_tag","embeddable":true,"href":"https:\/\/www.deporteseli.com\/index.php?rest_route=%2Fwp%2Fv2%2Fproduct_tag&post=35144"}],"curies":[{"name":"wp","href":"https:\/\/api.w.org\/{rel}","templated":true}]}}