{"id":35141,"date":"2026-01-27T16:42:46","date_gmt":"2026-01-27T16:42:46","guid":{"rendered":"https:\/\/www.deporteseli.com\/?product=sudadera-puma-nina"},"modified":"2026-01-27T16:42:48","modified_gmt":"2026-01-27T16:42:48","slug":"sudadera-puma-nina","status":"publish","type":"product","link":"https:\/\/www.deporteseli.com\/?product=sudadera-puma-nina","title":{"rendered":"SUDADERA PUMA NI\u00f1A"},"content":{"rendered":"<p>PERFIL DE ESTILO  Impresi\u00f3n de goma del logotipo No.1  Bolsillo canguro  Capucha con forro de jersey  Pu\u00f1os y dobladillo de canal\u00e9  Ajuste regular   MATERIAL  Material principal 1: 34% poli\u00e9ster, 66% algod\u00f3n-vell\u00f3n-cepillado: dorso-290,00 g \/ m\u00b2-PS \/ 02-CF \/ 001 pieza te\u00f1ida (cruzada) Forro 1: 65% poli\u00e9ster, 35% algod\u00f3n-jersey-120,00 g \/ m\u00b2-PS \/ 01-CF \/ 002 pieza te\u00f1ida (cruzada) Costilla: 3% elastano, 97% algod\u00f3n-costilla: punto circular-330.00 g \/ m\u00b2-PS \/ 02-CF \/ 001 pieza te\u00f1ida (cruzada)                                                                                                                                                                                                                                                                                                                                                                                                                                                                                                                                                                                                                                                                                                                                                                                                                                                                                                                                                                                                                                        <\/p>\n","protected":false},"excerpt":{"rendered":"<p>SUDADERA PUMA NI\u00f1A<\/p>\n","protected":false},"featured_media":49883,"template":"","meta":[],"product_brand":[],"product_cat":[384],"product_tag":[32],"class_list":{"0":"post-35141","1":"product","2":"type-product","3":"status-publish","4":"has-post-thumbnail","6":"product_cat-ninas_textil_sudaderas","7":"product_tag-puma","8":"pa_color-unico","9":"pa_talla-t-10","10":"pa_talla-t-12","11":"thunk-woo-product-list","12":"opn-qv-enable","13":"open-woo-hover-","14":"open-single-product-tab-horizontal","15":"open-shadow-","16":"open-shadow-hover-","18":"first","19":"instock","20":"shipping-taxable","21":"purchasable","22":"product-type-variable"},"jetpack_sharing_enabled":true,"_links":{"self":[{"href":"https:\/\/www.deporteseli.com\/index.php?rest_route=\/wp\/v2\/product\/35141","targetHints":{"allow":["GET"]}}],"collection":[{"href":"https:\/\/www.deporteseli.com\/index.php?rest_route=\/wp\/v2\/product"}],"about":[{"href":"https:\/\/www.deporteseli.com\/index.php?rest_route=\/wp\/v2\/types\/product"}],"wp:featuredmedia":[{"embeddable":true,"href":"https:\/\/www.deporteseli.com\/index.php?rest_route=\/wp\/v2\/media\/49883"}],"wp:attachment":[{"href":"https:\/\/www.deporteseli.com\/index.php?rest_route=%2Fwp%2Fv2%2Fmedia&parent=35141"}],"wp:term":[{"taxonomy":"product_brand","embeddable":true,"href":"https:\/\/www.deporteseli.com\/index.php?rest_route=%2Fwp%2Fv2%2Fproduct_brand&post=35141"},{"taxonomy":"product_cat","embeddable":true,"href":"https:\/\/www.deporteseli.com\/index.php?rest_route=%2Fwp%2Fv2%2Fproduct_cat&post=35141"},{"taxonomy":"product_tag","embeddable":true,"href":"https:\/\/www.deporteseli.com\/index.php?rest_route=%2Fwp%2Fv2%2Fproduct_tag&post=35141"}],"curies":[{"name":"wp","href":"https:\/\/api.w.org\/{rel}","templated":true}]}}