{"id":35127,"date":"2026-01-27T16:42:29","date_gmt":"2026-01-27T16:42:29","guid":{"rendered":"https:\/\/www.deporteseli.com\/?product=pantalon-de-chandal-sportwear-negro"},"modified":"2026-01-27T16:42:30","modified_gmt":"2026-01-27T16:42:30","slug":"pantalon-de-chandal-sportwear-negro","status":"publish","type":"product","link":"https:\/\/www.deporteseli.com\/?product=pantalon-de-chandal-sportwear-negro","title":{"rendered":"PANTAL\u00f3N DE CH\u00e1NDAL SPORTWEAR NEGRO"},"content":{"rendered":"<p>ESTILO C\u00d3MODO PARA TU D\u00cdA A D\u00cdA  Comodidad para el fin de semana o para despu\u00e9s de cada entrenamiento. Este pantal\u00f3n luce un dise\u00f1o sencillo con un gran logotipo de adidas. Cuenta con un bolsillo cargo oculto para llevar peque\u00f1os objetos.    Corte cl\u00e1sico  Cintura el\u00e1stica con cord\u00f3n  Tejido t\u00e9cnico 100% poli\u00e9ster  Pantal\u00f3n con el logotipo de adidas  Bolsillos laterales  Bolsillo cargo oculto                                                                                                                                                                                                                                                                                                                                                                                                                                                                                                                                                                                                                                                                                                                                                                                                                                                                                                                                                                                                                                        <\/p>\n","protected":false},"excerpt":{"rendered":"<p>PANTAL\u00f3N DE CH\u00e1NDAL SPORTWEAR NEGRO<\/p>\n","protected":false},"featured_media":49869,"template":"","meta":[],"product_brand":[],"product_cat":[252],"product_tag":[18],"class_list":{"0":"post-35127","1":"product","2":"type-product","3":"status-publish","4":"has-post-thumbnail","6":"product_cat-hombre_textil_pantalones","7":"product_tag-adidas","8":"pa_color-unico","9":"pa_talla-xl","10":"thunk-woo-product-list","11":"opn-qv-enable","12":"open-woo-hover-","13":"open-single-product-tab-horizontal","14":"open-shadow-","15":"open-shadow-hover-","17":"first","18":"instock","19":"shipping-taxable","20":"purchasable","21":"product-type-variable"},"jetpack_sharing_enabled":true,"_links":{"self":[{"href":"https:\/\/www.deporteseli.com\/index.php?rest_route=\/wp\/v2\/product\/35127","targetHints":{"allow":["GET"]}}],"collection":[{"href":"https:\/\/www.deporteseli.com\/index.php?rest_route=\/wp\/v2\/product"}],"about":[{"href":"https:\/\/www.deporteseli.com\/index.php?rest_route=\/wp\/v2\/types\/product"}],"wp:featuredmedia":[{"embeddable":true,"href":"https:\/\/www.deporteseli.com\/index.php?rest_route=\/wp\/v2\/media\/49869"}],"wp:attachment":[{"href":"https:\/\/www.deporteseli.com\/index.php?rest_route=%2Fwp%2Fv2%2Fmedia&parent=35127"}],"wp:term":[{"taxonomy":"product_brand","embeddable":true,"href":"https:\/\/www.deporteseli.com\/index.php?rest_route=%2Fwp%2Fv2%2Fproduct_brand&post=35127"},{"taxonomy":"product_cat","embeddable":true,"href":"https:\/\/www.deporteseli.com\/index.php?rest_route=%2Fwp%2Fv2%2Fproduct_cat&post=35127"},{"taxonomy":"product_tag","embeddable":true,"href":"https:\/\/www.deporteseli.com\/index.php?rest_route=%2Fwp%2Fv2%2Fproduct_tag&post=35127"}],"curies":[{"name":"wp","href":"https:\/\/api.w.org\/{rel}","templated":true}]}}