{"id":35123,"date":"2026-01-27T16:42:22","date_gmt":"2026-01-27T16:42:22","guid":{"rendered":"https:\/\/www.deporteseli.com\/?product=chandal-fleece-hooded"},"modified":"2026-01-27T16:42:24","modified_gmt":"2026-01-27T16:42:24","slug":"chandal-fleece-hooded","status":"publish","type":"product","link":"https:\/\/www.deporteseli.com\/?product=chandal-fleece-hooded","title":{"rendered":"CH\u00e1NDAL FLEECE HOODED"},"content":{"rendered":"<p>La actividad forma parte de su d\u00eda a d\u00eda. Enf\u00fandale este ch\u00e1ndal para que despliegue su gran repertorio de saltos y juegos. La chaqueta con cremallera y el pantal\u00f3n con cierre de cord\u00f3n le garantizan un ajuste perfecto. El logotipo de adidas le aporta el toque deportivo definitivo.  DETALLES  Corte cl\u00e1sico  Chaqueta con cierre de cremallera y capucha  Felpa 70% algod\u00f3n \/ 30% poli\u00e9ster reciclado  Ch\u00e1ndal de felpa  Bolsillos tipo canguro  Chaqueta con pu\u00f1os y dobladillo de canal\u00e9  Pantal\u00f3n con pu\u00f1os de canal\u00e9  Cintura el\u00e1stica con cord\u00f3n  Color del art\u00edculo: Power Pink \/ White  N\u00famero de art\u00edculo: GK1651                                                                                                                                                                                                                                                                                                                                                                                                                                                                                                                                                                                                                                                                                                                                                                                                                                                                                                                                                                                                                                        <\/p>\n","protected":false},"excerpt":{"rendered":"<p>CH\u00e1NDAL FLEECE HOODED<\/p>\n","protected":false},"featured_media":49858,"template":"","meta":[],"product_brand":[],"product_cat":[298],"product_tag":[18],"class_list":{"0":"post-35123","1":"product","2":"type-product","3":"status-publish","4":"has-post-thumbnail","6":"product_cat-nino_textil_chandals","7":"product_tag-adidas","8":"pa_color-unico","9":"pa_talla-103","10":"thunk-woo-product-list","11":"opn-qv-enable","12":"open-woo-hover-","13":"open-single-product-tab-horizontal","14":"open-shadow-","15":"open-shadow-hover-","17":"first","18":"instock","19":"shipping-taxable","20":"purchasable","21":"product-type-variable"},"jetpack_sharing_enabled":true,"_links":{"self":[{"href":"https:\/\/www.deporteseli.com\/index.php?rest_route=\/wp\/v2\/product\/35123","targetHints":{"allow":["GET"]}}],"collection":[{"href":"https:\/\/www.deporteseli.com\/index.php?rest_route=\/wp\/v2\/product"}],"about":[{"href":"https:\/\/www.deporteseli.com\/index.php?rest_route=\/wp\/v2\/types\/product"}],"wp:featuredmedia":[{"embeddable":true,"href":"https:\/\/www.deporteseli.com\/index.php?rest_route=\/wp\/v2\/media\/49858"}],"wp:attachment":[{"href":"https:\/\/www.deporteseli.com\/index.php?rest_route=%2Fwp%2Fv2%2Fmedia&parent=35123"}],"wp:term":[{"taxonomy":"product_brand","embeddable":true,"href":"https:\/\/www.deporteseli.com\/index.php?rest_route=%2Fwp%2Fv2%2Fproduct_brand&post=35123"},{"taxonomy":"product_cat","embeddable":true,"href":"https:\/\/www.deporteseli.com\/index.php?rest_route=%2Fwp%2Fv2%2Fproduct_cat&post=35123"},{"taxonomy":"product_tag","embeddable":true,"href":"https:\/\/www.deporteseli.com\/index.php?rest_route=%2Fwp%2Fv2%2Fproduct_tag&post=35123"}],"curies":[{"name":"wp","href":"https:\/\/api.w.org\/{rel}","templated":true}]}}