{"id":35119,"date":"2026-01-27T16:42:16","date_gmt":"2026-01-27T16:42:16","guid":{"rendered":"https:\/\/www.deporteseli.com\/?product=sudadera-cuello-redondo-bold"},"modified":"2026-01-27T16:42:21","modified_gmt":"2026-01-27T16:42:21","slug":"sudadera-cuello-redondo-bold","status":"publish","type":"product","link":"https:\/\/www.deporteseli.com\/?product=sudadera-cuello-redondo-bold","title":{"rendered":"SUDADERA CUELLO REDONDO BOLD"},"content":{"rendered":"<p>El deporte es como la vida. Lo vives. Lo sientes. Lo buscas. Esta sudadera para j\u00f3venes deportistas es justo lo que necesitas. Nadie ser\u00e1 ajeno a tu dedicaci\u00f3n.  DETALLES  Corte cl\u00e1sico  Cuello redondo  Felpa 70% algod\u00f3n \/ 30% poli\u00e9ster reciclado  Sudadera corta  Pu\u00f1os y dobladillo de canal\u00e9  Color del art\u00edculo: Scarlet \/ White  N\u00famero de art\u00edculo: GE0069                                                                                                                                                                                                                                                                                                                                                                                                                                                                                                                                                                                                                                                                                                                                                                                                                                                                                                                                                                                                                                        <\/p>\n","protected":false},"excerpt":{"rendered":"<p>SUDADERA CUELLO REDONDO BOLD<\/p>\n","protected":false},"featured_media":49854,"template":"","meta":[],"product_brand":[],"product_cat":[384],"product_tag":[18],"class_list":{"0":"post-35119","1":"product","2":"type-product","3":"status-publish","4":"has-post-thumbnail","6":"product_cat-ninas_textil_sudaderas","7":"product_tag-adidas","8":"pa_color-unico","9":"pa_talla-t-10","10":"pa_talla-t-12","11":"pa_talla-t-16","12":"thunk-woo-product-list","13":"opn-qv-enable","14":"open-woo-hover-","15":"open-single-product-tab-horizontal","16":"open-shadow-","17":"open-shadow-hover-","19":"first","20":"instock","21":"shipping-taxable","22":"purchasable","23":"product-type-variable"},"jetpack_sharing_enabled":true,"_links":{"self":[{"href":"https:\/\/www.deporteseli.com\/index.php?rest_route=\/wp\/v2\/product\/35119","targetHints":{"allow":["GET"]}}],"collection":[{"href":"https:\/\/www.deporteseli.com\/index.php?rest_route=\/wp\/v2\/product"}],"about":[{"href":"https:\/\/www.deporteseli.com\/index.php?rest_route=\/wp\/v2\/types\/product"}],"wp:featuredmedia":[{"embeddable":true,"href":"https:\/\/www.deporteseli.com\/index.php?rest_route=\/wp\/v2\/media\/49854"}],"wp:attachment":[{"href":"https:\/\/www.deporteseli.com\/index.php?rest_route=%2Fwp%2Fv2%2Fmedia&parent=35119"}],"wp:term":[{"taxonomy":"product_brand","embeddable":true,"href":"https:\/\/www.deporteseli.com\/index.php?rest_route=%2Fwp%2Fv2%2Fproduct_brand&post=35119"},{"taxonomy":"product_cat","embeddable":true,"href":"https:\/\/www.deporteseli.com\/index.php?rest_route=%2Fwp%2Fv2%2Fproduct_cat&post=35119"},{"taxonomy":"product_tag","embeddable":true,"href":"https:\/\/www.deporteseli.com\/index.php?rest_route=%2Fwp%2Fv2%2Fproduct_tag&post=35119"}],"curies":[{"name":"wp","href":"https:\/\/api.w.org\/{rel}","templated":true}]}}