{"id":35114,"date":"2026-01-27T16:42:11","date_gmt":"2026-01-27T16:42:11","guid":{"rendered":"https:\/\/www.deporteseli.com\/?product=mallan-adidas"},"modified":"2026-01-27T16:42:12","modified_gmt":"2026-01-27T16:42:12","slug":"mallan-adidas","status":"publish","type":"product","link":"https:\/\/www.deporteseli.com\/?product=mallan-adidas","title":{"rendered":"MALLAN ADIDAS"},"content":{"rendered":"<p>Malla larga para chicas ADIDAS Yg Logo Tight  Resistentes y vers\u00e1tiles. Estas mallas lucen un corte ajustado que favorece el movimiento y un logotipo vertical de adidas que le confiere un estilo deportivo inconfundible. Brindan la comodidad y la sujeci\u00f3n necesarias para enfrentarte a cualquier reto.  Cintura el\u00e1stica    Composici\u00f3n:  92% Algod\u00f3n\/8% Elastano                                                                                                                                                                                                                                                                                                                                                                                                                                                                                                                                                                                                                                                                                                                                                                                                                                                                                                                                                                                                                                        <\/p>\n","protected":false},"excerpt":{"rendered":"<p>MALLAN ADIDAS<\/p>\n","protected":false},"featured_media":49844,"template":"","meta":[],"product_brand":[],"product_cat":[386],"product_tag":[18],"class_list":{"0":"post-35114","1":"product","2":"type-product","3":"status-publish","4":"has-post-thumbnail","6":"product_cat-ninas_textil_mallas","7":"product_tag-adidas","8":"pa_color-unico","9":"pa_talla-t-16","10":"thunk-woo-product-list","11":"opn-qv-enable","12":"open-woo-hover-","13":"open-single-product-tab-horizontal","14":"open-shadow-","15":"open-shadow-hover-","17":"first","18":"instock","19":"shipping-taxable","20":"purchasable","21":"product-type-variable"},"jetpack_sharing_enabled":true,"_links":{"self":[{"href":"https:\/\/www.deporteseli.com\/index.php?rest_route=\/wp\/v2\/product\/35114","targetHints":{"allow":["GET"]}}],"collection":[{"href":"https:\/\/www.deporteseli.com\/index.php?rest_route=\/wp\/v2\/product"}],"about":[{"href":"https:\/\/www.deporteseli.com\/index.php?rest_route=\/wp\/v2\/types\/product"}],"wp:featuredmedia":[{"embeddable":true,"href":"https:\/\/www.deporteseli.com\/index.php?rest_route=\/wp\/v2\/media\/49844"}],"wp:attachment":[{"href":"https:\/\/www.deporteseli.com\/index.php?rest_route=%2Fwp%2Fv2%2Fmedia&parent=35114"}],"wp:term":[{"taxonomy":"product_brand","embeddable":true,"href":"https:\/\/www.deporteseli.com\/index.php?rest_route=%2Fwp%2Fv2%2Fproduct_brand&post=35114"},{"taxonomy":"product_cat","embeddable":true,"href":"https:\/\/www.deporteseli.com\/index.php?rest_route=%2Fwp%2Fv2%2Fproduct_cat&post=35114"},{"taxonomy":"product_tag","embeddable":true,"href":"https:\/\/www.deporteseli.com\/index.php?rest_route=%2Fwp%2Fv2%2Fproduct_tag&post=35114"}],"curies":[{"name":"wp","href":"https:\/\/api.w.org\/{rel}","templated":true}]}}