{"id":35109,"date":"2026-01-27T16:42:04","date_gmt":"2026-01-27T16:42:04","guid":{"rendered":"https:\/\/www.deporteseli.com\/?product=sudadera-adidas"},"modified":"2026-01-27T16:42:10","modified_gmt":"2026-01-27T16:42:10","slug":"sudadera-adidas","status":"publish","type":"product","link":"https:\/\/www.deporteseli.com\/?product=sudadera-adidas","title":{"rendered":"SUDADERA ADIDAS"},"content":{"rendered":"<p>La sudadera con capucha adidas Bold Full Zip infantil presenta un dise\u00f1o c\u00f3modo y transpirable que mantiene la piel fresca y seca mientras paseas por la ciudad o entrenas en el gimnasio. Se ha confeccionado en un tejido t\u00e9cnico muy resistente. Sobre los hombros lucen las tres bandas cl\u00e1sicas de adidas.    Caracter\u00edsticas:  &#8211; Cintura y pu\u00f1os acanalados  &#8211; Cremallera completa  &#8211; Bolsillos con cremallera  &#8211; Dise\u00f1o con las 3 bandas de adidas sobre los hombros  &#8211; Material: 70% Algod\u00f3n, 30% Poli\u00e9ster reciclado                                                                                                                                                                                                                                                                                                                                                                                                                                                                                                                                                                                                                                                                                                                                                                                                                                                                                                                                                                                                                                        <\/p>\n","protected":false},"excerpt":{"rendered":"<p>SUDADERA ADIDAS<\/p>\n","protected":false},"featured_media":49841,"template":"","meta":[],"product_brand":[],"product_cat":[302],"product_tag":[18],"class_list":{"0":"post-35109","1":"product","2":"type-product","3":"status-publish","4":"has-post-thumbnail","6":"product_cat-nino_textil_sudaderas","7":"product_tag-adidas","8":"pa_color-unico","9":"pa_talla-t-10","10":"pa_talla-t-12","11":"pa_talla-t-6","12":"pa_talla-t-8","13":"thunk-woo-product-list","14":"opn-qv-enable","15":"open-woo-hover-","16":"open-single-product-tab-horizontal","17":"open-shadow-","18":"open-shadow-hover-","20":"first","21":"instock","22":"shipping-taxable","23":"purchasable","24":"product-type-variable"},"jetpack_sharing_enabled":true,"_links":{"self":[{"href":"https:\/\/www.deporteseli.com\/index.php?rest_route=\/wp\/v2\/product\/35109","targetHints":{"allow":["GET"]}}],"collection":[{"href":"https:\/\/www.deporteseli.com\/index.php?rest_route=\/wp\/v2\/product"}],"about":[{"href":"https:\/\/www.deporteseli.com\/index.php?rest_route=\/wp\/v2\/types\/product"}],"wp:featuredmedia":[{"embeddable":true,"href":"https:\/\/www.deporteseli.com\/index.php?rest_route=\/wp\/v2\/media\/49841"}],"wp:attachment":[{"href":"https:\/\/www.deporteseli.com\/index.php?rest_route=%2Fwp%2Fv2%2Fmedia&parent=35109"}],"wp:term":[{"taxonomy":"product_brand","embeddable":true,"href":"https:\/\/www.deporteseli.com\/index.php?rest_route=%2Fwp%2Fv2%2Fproduct_brand&post=35109"},{"taxonomy":"product_cat","embeddable":true,"href":"https:\/\/www.deporteseli.com\/index.php?rest_route=%2Fwp%2Fv2%2Fproduct_cat&post=35109"},{"taxonomy":"product_tag","embeddable":true,"href":"https:\/\/www.deporteseli.com\/index.php?rest_route=%2Fwp%2Fv2%2Fproduct_tag&post=35109"}],"curies":[{"name":"wp","href":"https:\/\/api.w.org\/{rel}","templated":true}]}}