{"id":35107,"date":"2026-01-27T16:42:01","date_gmt":"2026-01-27T16:42:01","guid":{"rendered":"https:\/\/www.deporteseli.com\/?product=camisa-adidas-3"},"modified":"2026-01-27T16:42:03","modified_gmt":"2026-01-27T16:42:03","slug":"camisa-adidas-3","status":"publish","type":"product","link":"https:\/\/www.deporteseli.com\/?product=camisa-adidas-3","title":{"rendered":"CAMISA ADIDAS"},"content":{"rendered":"<p>Luce un estilo deportivo cuando no est\u00e1s entrenando. Este polo cl\u00e1sico luce un gran logo en contraste para un estilo muy aut\u00e9ntico. Est\u00e1 confeccionado en tejido jersey de algod\u00f3n muy suave.  DETALLES  Corte cl\u00e1sico: un punto intermedio entre holgado y ajustado  Cuello redondo acanalado  Mangas cortas  Tejido de punto simple 100% algod\u00f3n  Trabajamos con la organizaci\u00f3n Better Cotton Initiative para mejorar el cultivo del algod\u00f3n a nivel mundial  Color del art\u00edculo: Royal Blue \/ Signal Green  N\u00famero de art\u00edculo: GD6537                                                                                                                                                                                                                                                                                                                                                                                                                                                                                                                                                                                                                                                                                                                                                                                                                                                                                                                                                                                                                                        <\/p>\n","protected":false},"excerpt":{"rendered":"<p>CAMISA ADIDAS<\/p>\n","protected":false},"featured_media":49838,"template":"","meta":[],"product_brand":[],"product_cat":[296],"product_tag":[18],"class_list":{"0":"post-35107","1":"product","2":"type-product","3":"status-publish","4":"has-post-thumbnail","6":"product_cat-nino_textil_camisetas","7":"product_tag-adidas","8":"pa_color-unico","9":"pa_talla-t-8","10":"thunk-woo-product-list","11":"opn-qv-enable","12":"open-woo-hover-","13":"open-single-product-tab-horizontal","14":"open-shadow-","15":"open-shadow-hover-","17":"first","18":"instock","19":"shipping-taxable","20":"purchasable","21":"product-type-variable"},"jetpack_sharing_enabled":true,"_links":{"self":[{"href":"https:\/\/www.deporteseli.com\/index.php?rest_route=\/wp\/v2\/product\/35107","targetHints":{"allow":["GET"]}}],"collection":[{"href":"https:\/\/www.deporteseli.com\/index.php?rest_route=\/wp\/v2\/product"}],"about":[{"href":"https:\/\/www.deporteseli.com\/index.php?rest_route=\/wp\/v2\/types\/product"}],"wp:featuredmedia":[{"embeddable":true,"href":"https:\/\/www.deporteseli.com\/index.php?rest_route=\/wp\/v2\/media\/49838"}],"wp:attachment":[{"href":"https:\/\/www.deporteseli.com\/index.php?rest_route=%2Fwp%2Fv2%2Fmedia&parent=35107"}],"wp:term":[{"taxonomy":"product_brand","embeddable":true,"href":"https:\/\/www.deporteseli.com\/index.php?rest_route=%2Fwp%2Fv2%2Fproduct_brand&post=35107"},{"taxonomy":"product_cat","embeddable":true,"href":"https:\/\/www.deporteseli.com\/index.php?rest_route=%2Fwp%2Fv2%2Fproduct_cat&post=35107"},{"taxonomy":"product_tag","embeddable":true,"href":"https:\/\/www.deporteseli.com\/index.php?rest_route=%2Fwp%2Fv2%2Fproduct_tag&post=35107"}],"curies":[{"name":"wp","href":"https:\/\/api.w.org\/{rel}","templated":true}]}}