{"id":35100,"date":"2026-01-27T16:41:53","date_gmt":"2026-01-27T16:41:53","guid":{"rendered":"https:\/\/www.deporteseli.com\/?product=protector-jhayber-transparente"},"modified":"2026-04-22T04:17:27","modified_gmt":"2026-04-22T04:17:27","slug":"protector-jhayber-transparente","status":"publish","type":"product","link":"https:\/\/www.deporteseli.com\/?product=protector-jhayber-transparente","title":{"rendered":"PROTECTOR JHAYBER TRANSPARENTE"},"content":{"rendered":"<p>Sin duda alguna tu Pala se merece la mejor protecci\u00f3n en su marco, y si es con un Dise\u00f1o Espectacular.    As\u00ed es el Protector Jhayber Transparente de Marco Original, con tratamiento Micro cuadr\u00edculas de m\u00e1xima Resistencia.    Adem\u00e1s te ofrece una caracter\u00edstica especial, y es que al rozar el Cristal, \u00e9ste patina y no se frena.                                                                                                                                                                                                                                                                                                                                                                                                                                                                                                                                                                                                                                                                                                                                                                                                                                                                                                                                                                                                                                        <\/p>\n","protected":false},"excerpt":{"rendered":"<p>PROTECTOR JHAYBER TRANSPARENTE<\/p>\n","protected":false},"featured_media":49833,"template":"","meta":[],"product_brand":[],"product_cat":[359],"product_tag":[],"class_list":{"0":"post-35100","1":"product","2":"type-product","3":"status-publish","4":"has-post-thumbnail","6":"product_cat-padel_y_tenis_protectores","7":"pa_color-unico","8":"pa_talla-unica","9":"thunk-woo-product-list","10":"opn-qv-enable","11":"open-woo-hover-","12":"open-single-product-tab-horizontal","13":"open-shadow-","14":"open-shadow-hover-","16":"first","17":"instock","18":"shipping-taxable","19":"purchasable","20":"product-type-variable"},"jetpack_sharing_enabled":true,"_links":{"self":[{"href":"https:\/\/www.deporteseli.com\/index.php?rest_route=\/wp\/v2\/product\/35100","targetHints":{"allow":["GET"]}}],"collection":[{"href":"https:\/\/www.deporteseli.com\/index.php?rest_route=\/wp\/v2\/product"}],"about":[{"href":"https:\/\/www.deporteseli.com\/index.php?rest_route=\/wp\/v2\/types\/product"}],"wp:featuredmedia":[{"embeddable":true,"href":"https:\/\/www.deporteseli.com\/index.php?rest_route=\/wp\/v2\/media\/49833"}],"wp:attachment":[{"href":"https:\/\/www.deporteseli.com\/index.php?rest_route=%2Fwp%2Fv2%2Fmedia&parent=35100"}],"wp:term":[{"taxonomy":"product_brand","embeddable":true,"href":"https:\/\/www.deporteseli.com\/index.php?rest_route=%2Fwp%2Fv2%2Fproduct_brand&post=35100"},{"taxonomy":"product_cat","embeddable":true,"href":"https:\/\/www.deporteseli.com\/index.php?rest_route=%2Fwp%2Fv2%2Fproduct_cat&post=35100"},{"taxonomy":"product_tag","embeddable":true,"href":"https:\/\/www.deporteseli.com\/index.php?rest_route=%2Fwp%2Fv2%2Fproduct_tag&post=35100"}],"curies":[{"name":"wp","href":"https:\/\/api.w.org\/{rel}","templated":true}]}}